{"id":24414,"date":"2022-01-15T22:26:47","date_gmt":"2022-01-15T22:26:47","guid":{"rendered":"https:\/\/miami-yachts.com\/conserje\/"},"modified":"2026-04-13T13:53:53","modified_gmt":"2026-04-13T13:53:53","slug":"conserje","status":"publish","type":"page","link":"https:\/\/miami-yachts.com\/es\/conserje\/","title":{"rendered":"Conserje"},"content":{"rendered":"\t\t<div data-elementor-type=\"wp-page\" data-elementor-id=\"24414\" class=\"elementor elementor-24414\" data-elementor-post-type=\"page\">\n\t\t\t\t\t\t<section class=\"elementor-section elementor-top-section elementor-element elementor-element-4ad100c elementor-section-height-min-height elementor-section-items-bottom elementor-section-content-bottom elementor-section-boxed elementor-section-height-default\" data-id=\"4ad100c\" data-element_type=\"section\" data-e-type=\"section\" data-settings=\"{&quot;background_background&quot;:&quot;classic&quot;}\">\n\t\t\t\t\t\t<div class=\"elementor-container elementor-column-gap-default\">\n\t\t\t\t\t<div class=\"elementor-column elementor-col-100 elementor-top-column elementor-element elementor-element-c0589b5\" data-id=\"c0589b5\" data-element_type=\"column\" data-e-type=\"column\">\n\t\t\t<div class=\"elementor-widget-wrap elementor-element-populated\">\n\t\t\t\t\t\t<div class=\"elementor-element elementor-element-8177c61 elementor-widget elementor-widget-heading\" data-id=\"8177c61\" data-element_type=\"widget\" data-e-type=\"widget\" data-widget_type=\"heading.default\">\n\t\t\t\t<div class=\"elementor-widget-container\">\n\t\t\t\t\t<h2 class=\"elementor-heading-title elementor-size-default\">Conserje<\/h2>\t\t\t\t<\/div>\n\t\t\t\t<\/div>\n\t\t\t\t\t<\/div>\n\t\t<\/div>\n\t\t\t\t\t<\/div>\n\t\t<\/section>\n\t\t\t\t<section class=\"elementor-section elementor-top-section elementor-element elementor-element-9da68ef elementor-section-boxed elementor-section-height-default elementor-section-height-default\" data-id=\"9da68ef\" data-element_type=\"section\" data-e-type=\"section\">\n\t\t\t\t\t\t<div class=\"elementor-container elementor-column-gap-default\">\n\t\t\t\t\t<div class=\"elementor-column elementor-col-100 elementor-top-column elementor-element elementor-element-6726422\" data-id=\"6726422\" data-element_type=\"column\" data-e-type=\"column\">\n\t\t\t<div class=\"elementor-widget-wrap elementor-element-populated\">\n\t\t\t\t\t\t<div class=\"elementor-element elementor-element-61f4c80 elementor-widget elementor-widget-heading\" data-id=\"61f4c80\" data-element_type=\"widget\" data-e-type=\"widget\" data-widget_type=\"heading.default\">\n\t\t\t\t<div class=\"elementor-widget-container\">\n\t\t\t\t\t<h1 class=\"elementor-heading-title elementor-size-default\">Conserje de lujo de Miami<\/h1>\t\t\t\t<\/div>\n\t\t\t\t<\/div>\n\t\t\t\t<div class=\"elementor-element elementor-element-f341bd7 elementor-widget elementor-widget-text-editor\" data-id=\"f341bd7\" data-element_type=\"widget\" data-e-type=\"widget\" data-widget_type=\"text-editor.default\">\n\t\t\t\t<div class=\"elementor-widget-container\">\n\t\t\t\t\t\t\t\t\t<p>Mientras te relajas en tu yate en Miami, puedes contar con nuestro experto equipo de conserjes de lujo de Miami para proporcionarte el mejor servicio y garantizarte una experiencia de lujo sin igual. Nuestros bien conectados agentes organizar\u00e1n todo lo que puedas desear, desde reservas en exclusivos clubes de playa hasta vuelos en jets y helic\u00f3pteros privados, chefs personales y mucho m\u00e1s. Es tu momento de relajarte, deja que nosotros nos ocupemos del resto.  <\/p>\n\t\t\t\t\t\t\t\t<\/div>\n\t\t\t\t<\/div>\n\t\t\t\t\t<\/div>\n\t\t<\/div>\n\t\t\t\t\t<\/div>\n\t\t<\/section>\n\t\t\t\t<section class=\"elementor-section elementor-top-section elementor-element elementor-element-7736835 elementor-section-boxed elementor-section-height-default elementor-section-height-default\" data-id=\"7736835\" data-element_type=\"section\" data-e-type=\"section\">\n\t\t\t\t\t\t<div class=\"elementor-container elementor-column-gap-default\">\n\t\t\t\t\t<div class=\"elementor-column elementor-col-50 elementor-top-column elementor-element elementor-element-e437ead\" data-id=\"e437ead\" data-element_type=\"column\" data-e-type=\"column\">\n\t\t\t<div class=\"elementor-widget-wrap elementor-element-populated\">\n\t\t\t\t\t\t<div class=\"elementor-element elementor-element-5a51e0f elementor-widget elementor-widget-image\" data-id=\"5a51e0f\" data-element_type=\"widget\" data-e-type=\"widget\" data-widget_type=\"image.default\">\n\t\t\t\t<div class=\"elementor-widget-container\">\n\t\t\t\t\t\t\t\t\t\t\t\t\t\t\t\t<a href=\"https:\/\/miami-yachts.com\/concierge\/cars\/\">\n\t\t\t\t\t\t\t<img fetchpriority=\"high\" decoding=\"async\" width=\"750\" height=\"500\" src=\"https:\/\/miami-yachts.com\/wp-content\/uploads\/2024\/10\/Miami-Supercar-4-1024x682.jpg\" class=\"attachment-large size-large wp-image-24469\" alt=\"\" srcset=\"https:\/\/miami-yachts.com\/wp-content\/uploads\/2024\/10\/Miami-Supercar-4-1024x682.jpg 1024w, https:\/\/miami-yachts.com\/wp-content\/uploads\/2024\/10\/Miami-Supercar-4-300x200.jpg 300w, https:\/\/miami-yachts.com\/wp-content\/uploads\/2024\/10\/Miami-Supercar-4-768x512.jpg 768w, https:\/\/miami-yachts.com\/wp-content\/uploads\/2024\/10\/Miami-Supercar-4-1536x1024.jpg 1536w, https:\/\/miami-yachts.com\/wp-content\/uploads\/2024\/10\/Miami-Supercar-4-1568x1045.jpg 1568w, https:\/\/miami-yachts.com\/wp-content\/uploads\/2024\/10\/Miami-Supercar-4.jpg 1670w\" sizes=\"(max-width: 750px) 100vw, 750px\" style=\"width:100%;height:66.65%;max-width:1670px\" \/>\t\t\t\t\t\t\t\t<\/a>\n\t\t\t\t\t\t\t\t\t\t\t\t\t\t\t<\/div>\n\t\t\t\t<\/div>\n\t\t\t\t\t<\/div>\n\t\t<\/div>\n\t\t\t\t<div class=\"elementor-column elementor-col-50 elementor-top-column elementor-element elementor-element-ffd6efd\" data-id=\"ffd6efd\" data-element_type=\"column\" data-e-type=\"column\">\n\t\t\t<div class=\"elementor-widget-wrap elementor-element-populated\">\n\t\t\t\t\t\t<div class=\"elementor-element elementor-element-e9aee71 elementor-widget elementor-widget-heading\" data-id=\"e9aee71\" data-element_type=\"widget\" data-e-type=\"widget\" data-widget_type=\"heading.default\">\n\t\t\t\t<div class=\"elementor-widget-container\">\n\t\t\t\t\t<h3 class=\"elementor-heading-title elementor-size-default\">SUPERCARS<\/h3>\t\t\t\t<\/div>\n\t\t\t\t<\/div>\n\t\t\t\t<div class=\"elementor-element elementor-element-6840229 elementor-widget elementor-widget-text-editor\" data-id=\"6840229\" data-element_type=\"widget\" data-e-type=\"widget\" data-widget_type=\"text-editor.default\">\n\t\t\t\t<div class=\"elementor-widget-container\">\n\t\t\t\t\t\t\t\t\t<p>Miami cuenta con una de las mayores concentraciones de supercoches, desde elegantes Lamborghinis a vanguardistas Bugattis, todos ellos vistos en esta vibrante ciudad costera. Nuestro equipo est\u00e1 preparado para organizar el alquiler de una de estas potentes m\u00e1quinas, elevando tu experiencia mientras exploras la impresionante zona de Miami. <\/p>\n\t\t\t\t\t\t\t\t<\/div>\n\t\t\t\t<\/div>\n\t\t\t\t<div class=\"elementor-element elementor-element-ecbbcce elementor-icon-list--layout-traditional elementor-list-item-link-full_width elementor-widget elementor-widget-icon-list\" data-id=\"ecbbcce\" data-element_type=\"widget\" data-e-type=\"widget\" data-widget_type=\"icon-list.default\">\n\t\t\t\t<div class=\"elementor-widget-container\">\n\t\t\t\t\t\t\t<ul class=\"elementor-icon-list-items\">\n\t\t\t\t\t\t\t<li class=\"elementor-icon-list-item\">\n\t\t\t\t\t\t\t\t\t\t\t<a href=\"https:\/\/miami-yachts.com\/concierge\/cars\/\">\n\n\t\t\t\t\t\t\t\t\t\t\t\t<span class=\"elementor-icon-list-icon\">\n\t\t\t\t\t\t\t<i aria-hidden=\"true\" class=\"fas fa-arrow-right\"><\/i>\t\t\t\t\t\t<\/span>\n\t\t\t\t\t\t\t\t\t\t<span class=\"elementor-icon-list-text\">Alquila un supercoche<\/span>\n\t\t\t\t\t\t\t\t\t\t\t<\/a>\n\t\t\t\t\t\t\t\t\t<\/li>\n\t\t\t\t\t\t<\/ul>\n\t\t\t\t\t\t<\/div>\n\t\t\t\t<\/div>\n\t\t\t\t\t<\/div>\n\t\t<\/div>\n\t\t\t\t\t<\/div>\n\t\t<\/section>\n\t\t\t\t<section class=\"elementor-section elementor-top-section elementor-element elementor-element-68eb842 elementor-section-boxed elementor-section-height-default elementor-section-height-default\" data-id=\"68eb842\" data-element_type=\"section\" data-e-type=\"section\">\n\t\t\t\t\t\t<div class=\"elementor-container elementor-column-gap-default\">\n\t\t\t\t\t<div class=\"elementor-column elementor-col-50 elementor-top-column elementor-element elementor-element-f2c0b62\" data-id=\"f2c0b62\" data-element_type=\"column\" data-e-type=\"column\">\n\t\t\t<div class=\"elementor-widget-wrap elementor-element-populated\">\n\t\t\t\t\t\t<div class=\"elementor-element elementor-element-884ee22 elementor-widget elementor-widget-image\" data-id=\"884ee22\" data-element_type=\"widget\" data-e-type=\"widget\" data-widget_type=\"image.default\">\n\t\t\t\t<div class=\"elementor-widget-container\">\n\t\t\t\t\t\t\t\t\t\t\t\t\t\t\t\t<a href=\"https:\/\/miami-yachts.com\/concierge\/private-jets\/\">\n\t\t\t\t\t\t\t<img decoding=\"async\" width=\"750\" height=\"500\" data-src=\"https:\/\/miami-yachts.com\/wp-content\/uploads\/2024\/10\/Private-Jet--1024x683.png\" class=\"attachment-large size-large wp-image-24465 lazyload\" alt=\"\" data-srcset=\"https:\/\/miami-yachts.com\/wp-content\/uploads\/2024\/10\/Private-Jet--1024x683.png 1024w, https:\/\/miami-yachts.com\/wp-content\/uploads\/2024\/10\/Private-Jet--300x200.png 300w, https:\/\/miami-yachts.com\/wp-content\/uploads\/2024\/10\/Private-Jet--768x512.png 768w, https:\/\/miami-yachts.com\/wp-content\/uploads\/2024\/10\/Private-Jet--1536x1024.png 1536w, https:\/\/miami-yachts.com\/wp-content\/uploads\/2024\/10\/Private-Jet--1568x1045.png 1568w, https:\/\/miami-yachts.com\/wp-content\/uploads\/2024\/10\/Private-Jet-.png 1920w\" data-sizes=\"(max-width: 750px) 100vw, 750px\" style=\"--smush-placeholder-width: 750px; --smush-placeholder-aspect-ratio: 750\/500;width:100%;height:66.67%;max-width:1920px\" src=\"data:image\/gif;base64,R0lGODlhAQABAAAAACH5BAEKAAEALAAAAAABAAEAAAICTAEAOw==\" \/>\t\t\t\t\t\t\t\t<\/a>\n\t\t\t\t\t\t\t\t\t\t\t\t\t\t\t<\/div>\n\t\t\t\t<\/div>\n\t\t\t\t\t<\/div>\n\t\t<\/div>\n\t\t\t\t<div class=\"elementor-column elementor-col-50 elementor-top-column elementor-element elementor-element-4517507\" data-id=\"4517507\" data-element_type=\"column\" data-e-type=\"column\">\n\t\t\t<div class=\"elementor-widget-wrap elementor-element-populated\">\n\t\t\t\t\t\t<div class=\"elementor-element elementor-element-7903636 elementor-widget elementor-widget-heading\" data-id=\"7903636\" data-element_type=\"widget\" data-e-type=\"widget\" data-widget_type=\"heading.default\">\n\t\t\t\t<div class=\"elementor-widget-container\">\n\t\t\t\t\t<h3 class=\"elementor-heading-title elementor-size-default\">VUELOS EN JET PRIVADO<\/h3>\t\t\t\t<\/div>\n\t\t\t\t<\/div>\n\t\t\t\t<div class=\"elementor-element elementor-element-b92bcf0 elementor-widget elementor-widget-text-editor\" data-id=\"b92bcf0\" data-element_type=\"widget\" data-e-type=\"widget\" data-widget_type=\"text-editor.default\">\n\t\t\t\t<div class=\"elementor-widget-container\">\n\t\t\t\t\t\t\t\t\t<p data-pm-slice=\"1 1 []\">Llega a Miami con el m\u00e1ximo lujo volando en un jet privado. Aterrizar en el Aeropuerto Ejecutivo de Miami es perfecto para jets privados ligeros, medianos y pesados, y ejecutivos. Nuestros vuelos garantizar\u00e1n un r\u00e1pido traslado a tu yate con tu s\u00e9quito, permiti\u00e9ndote aprovechar al m\u00e1ximo tus vacaciones.  <\/p>\n\t\t\t\t\t\t\t\t<\/div>\n\t\t\t\t<\/div>\n\t\t\t\t<div class=\"elementor-element elementor-element-c394360 elementor-icon-list--layout-traditional elementor-list-item-link-full_width elementor-widget elementor-widget-icon-list\" data-id=\"c394360\" data-element_type=\"widget\" data-e-type=\"widget\" data-widget_type=\"icon-list.default\">\n\t\t\t\t<div class=\"elementor-widget-container\">\n\t\t\t\t\t\t\t<ul class=\"elementor-icon-list-items\">\n\t\t\t\t\t\t\t<li class=\"elementor-icon-list-item\">\n\t\t\t\t\t\t\t\t\t\t\t<a href=\"https:\/\/miami-yachts.com\/concierge\/private-jets\/\">\n\n\t\t\t\t\t\t\t\t\t\t\t\t<span class=\"elementor-icon-list-icon\">\n\t\t\t\t\t\t\t<i aria-hidden=\"true\" class=\"fas fa-arrow-right\"><\/i>\t\t\t\t\t\t<\/span>\n\t\t\t\t\t\t\t\t\t\t<span class=\"elementor-icon-list-text\">Vuela en privado<\/span>\n\t\t\t\t\t\t\t\t\t\t\t<\/a>\n\t\t\t\t\t\t\t\t\t<\/li>\n\t\t\t\t\t\t<\/ul>\n\t\t\t\t\t\t<\/div>\n\t\t\t\t<\/div>\n\t\t\t\t\t<\/div>\n\t\t<\/div>\n\t\t\t\t\t<\/div>\n\t\t<\/section>\n\t\t\t\t<section class=\"elementor-section elementor-top-section elementor-element elementor-element-c33dc07 elementor-section-boxed elementor-section-height-default elementor-section-height-default\" data-id=\"c33dc07\" data-element_type=\"section\" data-e-type=\"section\">\n\t\t\t\t\t\t<div class=\"elementor-container elementor-column-gap-default\">\n\t\t\t\t\t<div class=\"elementor-column elementor-col-50 elementor-top-column elementor-element elementor-element-61baa43\" data-id=\"61baa43\" data-element_type=\"column\" data-e-type=\"column\">\n\t\t\t<div class=\"elementor-widget-wrap elementor-element-populated\">\n\t\t\t\t\t\t<div class=\"elementor-element elementor-element-cf7f04d elementor-widget elementor-widget-image\" data-id=\"cf7f04d\" data-element_type=\"widget\" data-e-type=\"widget\" data-widget_type=\"image.default\">\n\t\t\t\t<div class=\"elementor-widget-container\">\n\t\t\t\t\t\t\t\t\t\t\t\t\t\t\t\t<a href=\"https:\/\/miami-yachts.com\/concierge\/helicopter\/\">\n\t\t\t\t\t\t\t<img decoding=\"async\" width=\"750\" height=\"500\" data-src=\"https:\/\/miami-yachts.com\/wp-content\/uploads\/2024\/10\/Helicopter-1024x683.png\" class=\"attachment-large size-large wp-image-24466 lazyload\" alt=\"\" data-srcset=\"https:\/\/miami-yachts.com\/wp-content\/uploads\/2024\/10\/Helicopter-1024x683.png 1024w, https:\/\/miami-yachts.com\/wp-content\/uploads\/2024\/10\/Helicopter-300x200.png 300w, https:\/\/miami-yachts.com\/wp-content\/uploads\/2024\/10\/Helicopter-768x512.png 768w, https:\/\/miami-yachts.com\/wp-content\/uploads\/2024\/10\/Helicopter-1536x1024.png 1536w, https:\/\/miami-yachts.com\/wp-content\/uploads\/2024\/10\/Helicopter-1568x1045.png 1568w, https:\/\/miami-yachts.com\/wp-content\/uploads\/2024\/10\/Helicopter.png 1920w\" data-sizes=\"(max-width: 750px) 100vw, 750px\" style=\"--smush-placeholder-width: 750px; --smush-placeholder-aspect-ratio: 750\/500;width:100%;height:66.67%;max-width:1920px\" src=\"data:image\/gif;base64,R0lGODlhAQABAAAAACH5BAEKAAEALAAAAAABAAEAAAICTAEAOw==\" \/>\t\t\t\t\t\t\t\t<\/a>\n\t\t\t\t\t\t\t\t\t\t\t\t\t\t\t<\/div>\n\t\t\t\t<\/div>\n\t\t\t\t\t<\/div>\n\t\t<\/div>\n\t\t\t\t<div class=\"elementor-column elementor-col-50 elementor-top-column elementor-element elementor-element-4ef0dfc\" data-id=\"4ef0dfc\" data-element_type=\"column\" data-e-type=\"column\">\n\t\t\t<div class=\"elementor-widget-wrap elementor-element-populated\">\n\t\t\t\t\t\t<div class=\"elementor-element elementor-element-bcf5ea7 elementor-widget elementor-widget-heading\" data-id=\"bcf5ea7\" data-element_type=\"widget\" data-e-type=\"widget\" data-widget_type=\"heading.default\">\n\t\t\t\t<div class=\"elementor-widget-container\">\n\t\t\t\t\t<h3 class=\"elementor-heading-title elementor-size-default\">TRASLADO EN HELIC\u00d3PTERO<\/h3>\t\t\t\t<\/div>\n\t\t\t\t<\/div>\n\t\t\t\t<div class=\"elementor-element elementor-element-184acdd elementor-widget elementor-widget-text-editor\" data-id=\"184acdd\" data-element_type=\"widget\" data-e-type=\"widget\" data-widget_type=\"text-editor.default\">\n\t\t\t\t<div class=\"elementor-widget-container\">\n\t\t\t\t\t\t\t\t\t<p>\u00bfLlegas a Miami? \u00a1La forma ideal de llegar a tu destino es en helic\u00f3ptero! Disfruta de un vuelo corto que puede aterrizar directamente en el centro de la ciudad, en tu villa o en la cubierta de tu yate. Deja que nuestro equipo organice tus traslados con el m\u00e1ximo lujo.   <\/p>\n\t\t\t\t\t\t\t\t<\/div>\n\t\t\t\t<\/div>\n\t\t\t\t<div class=\"elementor-element elementor-element-0120a14 elementor-icon-list--layout-traditional elementor-list-item-link-full_width elementor-widget elementor-widget-icon-list\" data-id=\"0120a14\" data-element_type=\"widget\" data-e-type=\"widget\" data-widget_type=\"icon-list.default\">\n\t\t\t\t<div class=\"elementor-widget-container\">\n\t\t\t\t\t\t\t<ul class=\"elementor-icon-list-items\">\n\t\t\t\t\t\t\t<li class=\"elementor-icon-list-item\">\n\t\t\t\t\t\t\t\t\t\t\t<a href=\"https:\/\/miami-yachts.com\/concierge\/helicopter\/\">\n\n\t\t\t\t\t\t\t\t\t\t\t\t<span class=\"elementor-icon-list-icon\">\n\t\t\t\t\t\t\t<i aria-hidden=\"true\" class=\"fas fa-arrow-right\"><\/i>\t\t\t\t\t\t<\/span>\n\t\t\t\t\t\t\t\t\t\t<span class=\"elementor-icon-list-text\">Reserva un helic\u00f3ptero<\/span>\n\t\t\t\t\t\t\t\t\t\t\t<\/a>\n\t\t\t\t\t\t\t\t\t<\/li>\n\t\t\t\t\t\t<\/ul>\n\t\t\t\t\t\t<\/div>\n\t\t\t\t<\/div>\n\t\t\t\t\t<\/div>\n\t\t<\/div>\n\t\t\t\t\t<\/div>\n\t\t<\/section>\n\t\t\t\t<\/div>\n\t\t","protected":false},"excerpt":{"rendered":"<p>Conserje de lujo de Miami SERVICIOS DE CONSERJER\u00cdA EN MIAMI Mientras te relajas en tu yate en Miami, puedes contar con nuestro experto equipo de conserjes de lujo de Miami para proporcionarte el mejor servicio y garantizarte una experiencia de lujo sin igual. Nuestros bien conectados agentes organizar\u00e1n todo lo que puedas desear, desde reservas&hellip; <a class=\"more-link\" href=\"https:\/\/miami-yachts.com\/es\/conserje\/\">Seguir leyendo <span class=\"screen-reader-text\">Conserje<\/span><\/a><\/p>\n","protected":false},"author":3,"featured_media":24467,"parent":0,"menu_order":0,"comment_status":"closed","ping_status":"closed","template":"elementor_header_footer","meta":{"_acf_changed":false,"footnotes":""},"class_list":["post-24414","page","type-page","status-publish","has-post-thumbnail","hentry","entry"],"acf":[],"yoast_head":"<!-- This site is optimized with the Yoast SEO plugin v24.7 - https:\/\/yoast.com\/wordpress\/plugins\/seo\/ -->\n<title>Conserje de lujo de Miami- Miami Yachts<\/title>\n<meta name=\"description\" content=\"Mientras disfrutas de un alquiler de barcos en Miami, puedes confiar en nuestros servicios de lujo en Miami para satisfacer tus necesidades, desde un chef hasta la organizaci\u00f3n de jets.\" \/>\n<meta name=\"robots\" content=\"index, follow, max-snippet:-1, max-image-preview:large, max-video-preview:-1\" \/>\n<link rel=\"canonical\" href=\"https:\/\/miami-yachts.com\/es\/conserje\/\" \/>\n<meta property=\"og:locale\" content=\"es_ES\" \/>\n<meta property=\"og:type\" content=\"article\" \/>\n<meta property=\"og:title\" content=\"Conserje de lujo de Miami- Miami Yachts\" \/>\n<meta property=\"og:description\" content=\"Mientras disfrutas de un alquiler de barcos en Miami, puedes confiar en nuestros servicios de lujo en Miami para satisfacer tus necesidades, desde un chef hasta la organizaci\u00f3n de jets.\" \/>\n<meta property=\"og:url\" content=\"https:\/\/miami-yachts.com\/es\/conserje\/\" \/>\n<meta property=\"og:site_name\" content=\"Miami Yachts\" \/>\n<meta property=\"article:modified_time\" content=\"2026-04-13T13:53:53+00:00\" \/>\n<meta property=\"og:image\" content=\"https:\/\/miami-yachts.com\/wp-content\/uploads\/2024\/10\/Miami-Supercar-2-scaled.jpg\" \/>\n\t<meta property=\"og:image:width\" content=\"2000\" \/>\n\t<meta property=\"og:image:height\" content=\"1334\" \/>\n\t<meta property=\"og:image:type\" content=\"image\/jpeg\" \/>\n<meta name=\"twitter:card\" content=\"summary_large_image\" \/>\n<meta name=\"twitter:label1\" content=\"Tiempo de lectura\" \/>\n\t<meta name=\"twitter:data1\" content=\"1 minuto\" \/>\n<script type=\"application\/ld+json\" class=\"yoast-schema-graph\">{\"@context\":\"https:\/\/schema.org\",\"@graph\":[{\"@type\":\"WebPage\",\"@id\":\"https:\/\/miami-yachts.com\/es\/conserje\/\",\"url\":\"https:\/\/miami-yachts.com\/es\/conserje\/\",\"name\":\"Conserje de lujo de Miami- Miami Yachts\",\"isPartOf\":{\"@id\":\"https:\/\/miami-yachts.com\/es\/#website\"},\"primaryImageOfPage\":{\"@id\":\"https:\/\/miami-yachts.com\/es\/conserje\/#primaryimage\"},\"image\":{\"@id\":\"https:\/\/miami-yachts.com\/es\/conserje\/#primaryimage\"},\"thumbnailUrl\":\"https:\/\/miami-yachts.com\/wp-content\/uploads\/2024\/10\/Miami-Supercar-2-scaled.jpg\",\"datePublished\":\"2022-01-15T22:26:47+00:00\",\"dateModified\":\"2026-04-13T13:53:53+00:00\",\"description\":\"Mientras disfrutas de un alquiler de barcos en Miami, puedes confiar en nuestros servicios de lujo en Miami para satisfacer tus necesidades, desde un chef hasta la organizaci\u00f3n de jets.\",\"breadcrumb\":{\"@id\":\"https:\/\/miami-yachts.com\/es\/conserje\/#breadcrumb\"},\"inLanguage\":\"es\",\"potentialAction\":[{\"@type\":\"ReadAction\",\"target\":[\"https:\/\/miami-yachts.com\/es\/conserje\/\"]}]},{\"@type\":\"ImageObject\",\"inLanguage\":\"es\",\"@id\":\"https:\/\/miami-yachts.com\/es\/conserje\/#primaryimage\",\"url\":\"https:\/\/miami-yachts.com\/wp-content\/uploads\/2024\/10\/Miami-Supercar-2-scaled.jpg\",\"contentUrl\":\"https:\/\/miami-yachts.com\/wp-content\/uploads\/2024\/10\/Miami-Supercar-2-scaled.jpg\",\"width\":2000,\"height\":1334},{\"@type\":\"BreadcrumbList\",\"@id\":\"https:\/\/miami-yachts.com\/es\/conserje\/#breadcrumb\",\"itemListElement\":[{\"@type\":\"ListItem\",\"position\":1,\"name\":\"Home\",\"item\":\"https:\/\/miami-yachts.com\/es\/pagina-de-inicio\/\"},{\"@type\":\"ListItem\",\"position\":2,\"name\":\"Conserje\"}]},{\"@type\":\"WebSite\",\"@id\":\"https:\/\/miami-yachts.com\/es\/#website\",\"url\":\"https:\/\/miami-yachts.com\/es\/\",\"name\":\"Miami Yachts\",\"description\":\"Miami Yachts for Charter\",\"publisher\":{\"@id\":\"https:\/\/miami-yachts.com\/es\/#organization\"},\"potentialAction\":[{\"@type\":\"SearchAction\",\"target\":{\"@type\":\"EntryPoint\",\"urlTemplate\":\"https:\/\/miami-yachts.com\/es\/?s={search_term_string}\"},\"query-input\":{\"@type\":\"PropertyValueSpecification\",\"valueRequired\":true,\"valueName\":\"search_term_string\"}}],\"inLanguage\":\"es\"},{\"@type\":\"Organization\",\"@id\":\"https:\/\/miami-yachts.com\/es\/#organization\",\"name\":\"Miami Yachts\",\"url\":\"https:\/\/miami-yachts.com\/es\/\",\"logo\":{\"@type\":\"ImageObject\",\"inLanguage\":\"es\",\"@id\":\"https:\/\/miami-yachts.com\/es\/#\/schema\/logo\/image\/\",\"url\":\"https:\/\/miami-yachts.com\/wp-content\/uploads\/2022\/01\/Cannes-Villa-Logo.jpg\",\"contentUrl\":\"https:\/\/miami-yachts.com\/wp-content\/uploads\/2022\/01\/Cannes-Villa-Logo.jpg\",\"width\":1704,\"height\":1704,\"caption\":\"Miami Yachts\"},\"image\":{\"@id\":\"https:\/\/miami-yachts.com\/es\/#\/schema\/logo\/image\/\"}}]}<\/script>\n<!-- \/ Yoast SEO plugin. -->","yoast_head_json":{"title":"Conserje de lujo de Miami- Miami Yachts","description":"Mientras disfrutas de un alquiler de barcos en Miami, puedes confiar en nuestros servicios de lujo en Miami para satisfacer tus necesidades, desde un chef hasta la organizaci\u00f3n de jets.","robots":{"index":"index","follow":"follow","max-snippet":"max-snippet:-1","max-image-preview":"max-image-preview:large","max-video-preview":"max-video-preview:-1"},"canonical":"https:\/\/miami-yachts.com\/es\/conserje\/","og_locale":"es_ES","og_type":"article","og_title":"Conserje de lujo de Miami- Miami Yachts","og_description":"Mientras disfrutas de un alquiler de barcos en Miami, puedes confiar en nuestros servicios de lujo en Miami para satisfacer tus necesidades, desde un chef hasta la organizaci\u00f3n de jets.","og_url":"https:\/\/miami-yachts.com\/es\/conserje\/","og_site_name":"Miami Yachts","article_modified_time":"2026-04-13T13:53:53+00:00","og_image":[{"width":2000,"height":1334,"url":"https:\/\/miami-yachts.com\/wp-content\/uploads\/2024\/10\/Miami-Supercar-2-scaled.jpg","type":"image\/jpeg"}],"twitter_card":"summary_large_image","twitter_misc":{"Tiempo de lectura":"1 minuto"},"schema":{"@context":"https:\/\/schema.org","@graph":[{"@type":"WebPage","@id":"https:\/\/miami-yachts.com\/es\/conserje\/","url":"https:\/\/miami-yachts.com\/es\/conserje\/","name":"Conserje de lujo de Miami- Miami Yachts","isPartOf":{"@id":"https:\/\/miami-yachts.com\/es\/#website"},"primaryImageOfPage":{"@id":"https:\/\/miami-yachts.com\/es\/conserje\/#primaryimage"},"image":{"@id":"https:\/\/miami-yachts.com\/es\/conserje\/#primaryimage"},"thumbnailUrl":"https:\/\/miami-yachts.com\/wp-content\/uploads\/2024\/10\/Miami-Supercar-2-scaled.jpg","datePublished":"2022-01-15T22:26:47+00:00","dateModified":"2026-04-13T13:53:53+00:00","description":"Mientras disfrutas de un alquiler de barcos en Miami, puedes confiar en nuestros servicios de lujo en Miami para satisfacer tus necesidades, desde un chef hasta la organizaci\u00f3n de jets.","breadcrumb":{"@id":"https:\/\/miami-yachts.com\/es\/conserje\/#breadcrumb"},"inLanguage":"es","potentialAction":[{"@type":"ReadAction","target":["https:\/\/miami-yachts.com\/es\/conserje\/"]}]},{"@type":"ImageObject","inLanguage":"es","@id":"https:\/\/miami-yachts.com\/es\/conserje\/#primaryimage","url":"https:\/\/miami-yachts.com\/wp-content\/uploads\/2024\/10\/Miami-Supercar-2-scaled.jpg","contentUrl":"https:\/\/miami-yachts.com\/wp-content\/uploads\/2024\/10\/Miami-Supercar-2-scaled.jpg","width":2000,"height":1334},{"@type":"BreadcrumbList","@id":"https:\/\/miami-yachts.com\/es\/conserje\/#breadcrumb","itemListElement":[{"@type":"ListItem","position":1,"name":"Home","item":"https:\/\/miami-yachts.com\/es\/pagina-de-inicio\/"},{"@type":"ListItem","position":2,"name":"Conserje"}]},{"@type":"WebSite","@id":"https:\/\/miami-yachts.com\/es\/#website","url":"https:\/\/miami-yachts.com\/es\/","name":"Miami Yachts","description":"Miami Yachts for Charter","publisher":{"@id":"https:\/\/miami-yachts.com\/es\/#organization"},"potentialAction":[{"@type":"SearchAction","target":{"@type":"EntryPoint","urlTemplate":"https:\/\/miami-yachts.com\/es\/?s={search_term_string}"},"query-input":{"@type":"PropertyValueSpecification","valueRequired":true,"valueName":"search_term_string"}}],"inLanguage":"es"},{"@type":"Organization","@id":"https:\/\/miami-yachts.com\/es\/#organization","name":"Miami Yachts","url":"https:\/\/miami-yachts.com\/es\/","logo":{"@type":"ImageObject","inLanguage":"es","@id":"https:\/\/miami-yachts.com\/es\/#\/schema\/logo\/image\/","url":"https:\/\/miami-yachts.com\/wp-content\/uploads\/2022\/01\/Cannes-Villa-Logo.jpg","contentUrl":"https:\/\/miami-yachts.com\/wp-content\/uploads\/2022\/01\/Cannes-Villa-Logo.jpg","width":1704,"height":1704,"caption":"Miami Yachts"},"image":{"@id":"https:\/\/miami-yachts.com\/es\/#\/schema\/logo\/image\/"}}]}},"distributor_meta":false,"distributor_terms":false,"distributor_media":false,"distributor_original_site_name":"Miami Yachts","distributor_original_site_url":"https:\/\/miami-yachts.com\/es\/","push-errors":false,"_links":{"self":[{"href":"https:\/\/miami-yachts.com\/es\/wp-json\/wp\/v2\/pages\/24414"}],"collection":[{"href":"https:\/\/miami-yachts.com\/es\/wp-json\/wp\/v2\/pages"}],"about":[{"href":"https:\/\/miami-yachts.com\/es\/wp-json\/wp\/v2\/types\/page"}],"author":[{"embeddable":true,"href":"https:\/\/miami-yachts.com\/es\/wp-json\/wp\/v2\/users\/3"}],"replies":[{"embeddable":true,"href":"https:\/\/miami-yachts.com\/es\/wp-json\/wp\/v2\/comments?post=24414"}],"version-history":[{"count":3,"href":"https:\/\/miami-yachts.com\/es\/wp-json\/wp\/v2\/pages\/24414\/revisions"}],"predecessor-version":[{"id":28333,"href":"https:\/\/miami-yachts.com\/es\/wp-json\/wp\/v2\/pages\/24414\/revisions\/28333"}],"wp:featuredmedia":[{"embeddable":true,"href":"https:\/\/miami-yachts.com\/es\/wp-json\/wp\/v2\/media\/24467"}],"wp:attachment":[{"href":"https:\/\/miami-yachts.com\/es\/wp-json\/wp\/v2\/media?parent=24414"}],"curies":[{"name":"wp","href":"https:\/\/api.w.org\/{rel}","templated":true}]}}