{"id":24475,"date":"2022-06-01T16:05:35","date_gmt":"2022-06-01T16:05:35","guid":{"rendered":"https:\/\/miami-yachts.com\/vacaciones-de-primavera-en-miami\/"},"modified":"2025-10-13T11:54:41","modified_gmt":"2025-10-13T11:54:41","slug":"vacaciones-de-primavera-en-miami","status":"publish","type":"page","link":"https:\/\/miami-yachts.com\/es\/vacaciones-de-primavera-en-miami\/","title":{"rendered":"Vacaciones de primavera en Miami"},"content":{"rendered":"\t\t<div data-elementor-type=\"wp-page\" data-elementor-id=\"24475\" class=\"elementor elementor-24475\" data-elementor-post-type=\"page\">\n\t\t\t\t\t\t<section class=\"elementor-section elementor-top-section elementor-element elementor-element-8308e06 elementor-section-height-min-height elementor-section-items-bottom elementor-section-content-bottom elementor-section-boxed elementor-section-height-default\" data-id=\"8308e06\" data-element_type=\"section\" data-e-type=\"section\" data-settings=\"{&quot;background_background&quot;:&quot;classic&quot;}\">\n\t\t\t\t\t\t<div class=\"elementor-container elementor-column-gap-default\">\n\t\t\t\t\t<div class=\"elementor-column elementor-col-100 elementor-top-column elementor-element elementor-element-c716d39\" data-id=\"c716d39\" data-element_type=\"column\" data-e-type=\"column\">\n\t\t\t<div class=\"elementor-widget-wrap elementor-element-populated\">\n\t\t\t\t\t\t<div class=\"elementor-element elementor-element-dc29a53 elementor-widget elementor-widget-heading\" data-id=\"dc29a53\" data-element_type=\"widget\" data-e-type=\"widget\" data-widget_type=\"heading.default\">\n\t\t\t\t<div class=\"elementor-widget-container\">\n\t\t\t\t\t<h1 class=\"elementor-heading-title elementor-size-default\">vacaciones de primavera en miami alquiler de barcos en miami<\/h1>\t\t\t\t<\/div>\n\t\t\t\t<\/div>\n\t\t\t\t\t<\/div>\n\t\t<\/div>\n\t\t\t\t\t<\/div>\n\t\t<\/section>\n\t\t\t\t<section class=\"elementor-section elementor-top-section elementor-element elementor-element-9da68ef elementor-section-boxed elementor-section-height-default elementor-section-height-default\" data-id=\"9da68ef\" data-element_type=\"section\" data-e-type=\"section\">\n\t\t\t\t\t\t<div class=\"elementor-container elementor-column-gap-default\">\n\t\t\t\t\t<div class=\"elementor-column elementor-col-100 elementor-top-column elementor-element elementor-element-6726422\" data-id=\"6726422\" data-element_type=\"column\" data-e-type=\"column\">\n\t\t\t<div class=\"elementor-widget-wrap elementor-element-populated\">\n\t\t\t\t\t\t<div class=\"elementor-element elementor-element-61f4c80 elementor-widget elementor-widget-heading\" data-id=\"61f4c80\" data-element_type=\"widget\" data-e-type=\"widget\" data-widget_type=\"heading.default\">\n\t\t\t\t<div class=\"elementor-widget-container\">\n\t\t\t\t\t<h2 class=\"elementor-heading-title elementor-size-default\">Alquiler de yates para las vacaciones de primavera en Miami<\/h2>\t\t\t\t<\/div>\n\t\t\t\t<\/div>\n\t\t\t\t<div class=\"elementor-element elementor-element-f341bd7 elementor-widget elementor-widget-text-editor\" data-id=\"f341bd7\" data-element_type=\"widget\" data-e-type=\"widget\" data-widget_type=\"text-editor.default\">\n\t\t\t\t<div class=\"elementor-widget-container\">\n\t\t\t\t\t\t\t\t\t<p>Las vacaciones de primavera en Miami ofrecen una experiencia sin igual para quienes buscan aventura y relajaci\u00f3n en el agua mediante el alquiler de yates. Cuando el sol brilla intensamente, los juerguistas pueden disfrutar de la vibrante atm\u00f3sfera mientras navegan hacia populares bancos de arena como Haulover Sandbar y Nixon Sandbar, donde pueden fondear y tomar el sol. Con un alquiler de yate, los invitados pueden disfrutar de lujosos servicios, saborear deliciosa cocina y practicar deportes acu\u00e1ticos, todo ello rodeados por el impresionante horizonte de Miami. Tanto si se trata de un d\u00eda de fiesta con amigos como de una serena excursi\u00f3n familiar, el alquiler de yates es la forma perfecta de crear recuerdos inolvidables durante esta emocionante temporada.   <\/p>\n\t\t\t\t\t\t\t\t<\/div>\n\t\t\t\t<\/div>\n\t\t\t\t\t<\/div>\n\t\t<\/div>\n\t\t\t\t\t<\/div>\n\t\t<\/section>\n\t\t\t\t<section class=\"elementor-section elementor-top-section elementor-element elementor-element-6d0d1ab elementor-section-boxed elementor-section-height-default elementor-section-height-default\" data-id=\"6d0d1ab\" data-element_type=\"section\" data-e-type=\"section\">\n\t\t\t\t\t\t<div class=\"elementor-container elementor-column-gap-default\">\n\t\t\t\t\t<div class=\"elementor-column elementor-col-100 elementor-top-column elementor-element elementor-element-729ce19\" data-id=\"729ce19\" data-element_type=\"column\" data-e-type=\"column\">\n\t\t\t<div class=\"elementor-widget-wrap elementor-element-populated\">\n\t\t\t\t\t\t<div class=\"elementor-element elementor-element-8b83c12 elementor-widget elementor-widget-heading\" data-id=\"8b83c12\" data-element_type=\"widget\" data-e-type=\"widget\" data-widget_type=\"heading.default\">\n\t\t\t\t<div class=\"elementor-widget-container\">\n\t\t\t\t\t<h3 class=\"elementor-heading-title elementor-size-default\">Yates para las vacaciones de primavera en Miami<\/h3>\t\t\t\t<\/div>\n\t\t\t\t<\/div>\n\t\t\t\t<div class=\"elementor-element elementor-element-64fd713 elementor-widget elementor-widget-text-editor\" data-id=\"64fd713\" data-element_type=\"widget\" data-e-type=\"widget\" data-widget_type=\"text-editor.default\">\n\t\t\t\t<div class=\"elementor-widget-container\">\n\t\t\t\t\t\t\t\t\t<p>Navega por nuestra selecci\u00f3n de los mejores yates y barcos de lujo para alquilar en Miami durante las vacaciones de primavera<\/p>\n\t\t\t\t\t\t\t\t<\/div>\n\t\t\t\t<\/div>\n\t\t\t\t\t<\/div>\n\t\t<\/div>\n\t\t\t\t\t<\/div>\n\t\t<\/section>\n\t\t\t\t<\/div>\n\t\t","protected":false},"excerpt":{"rendered":"<p>vacaciones de primavera en miami alquiler de barcos en miami Alquiler de yates para las vacaciones de primavera en Miami Las vacaciones de primavera en Miami ofrecen una experiencia sin igual para quienes buscan aventura y relajaci\u00f3n en el agua mediante el alquiler de yates. Cuando el sol brilla intensamente, los juerguistas pueden disfrutar de&hellip; <a class=\"more-link\" href=\"https:\/\/miami-yachts.com\/es\/vacaciones-de-primavera-en-miami\/\">Seguir leyendo <span class=\"screen-reader-text\">Vacaciones de primavera en Miami<\/span><\/a><\/p>\n","protected":false},"author":3,"featured_media":24485,"parent":0,"menu_order":0,"comment_status":"closed","ping_status":"closed","template":"elementor_header_footer","meta":{"_acf_changed":false,"footnotes":""},"class_list":["post-24475","page","type-page","status-publish","has-post-thumbnail","hentry","entry"],"acf":[],"yoast_head":"<!-- This site is optimized with the Yoast SEO plugin v24.7 - https:\/\/yoast.com\/wordpress\/plugins\/seo\/ -->\n<title>Vacaciones de primavera en Miami Yates de alquiler en Miami - Miami Yachts<\/title>\n<meta name=\"description\" content=\"Disfruta de lo mejor de la primavera de Miami Vacaciones de primavera en Miami a bordo de algunos de los mejores yates de la bah\u00eda de Miami\" \/>\n<meta name=\"robots\" content=\"index, follow, max-snippet:-1, max-image-preview:large, max-video-preview:-1\" \/>\n<link rel=\"canonical\" href=\"https:\/\/miami-yachts.com\/es\/vacaciones-de-primavera-en-miami\/\" \/>\n<meta property=\"og:locale\" content=\"es_ES\" \/>\n<meta property=\"og:type\" content=\"article\" \/>\n<meta property=\"og:title\" content=\"Vacaciones de primavera en Miami Yates de alquiler en Miami - Miami Yachts\" \/>\n<meta property=\"og:description\" content=\"Disfruta de lo mejor de la primavera de Miami Vacaciones de primavera en Miami a bordo de algunos de los mejores yates de la bah\u00eda de Miami\" \/>\n<meta property=\"og:url\" content=\"https:\/\/miami-yachts.com\/es\/vacaciones-de-primavera-en-miami\/\" \/>\n<meta property=\"og:site_name\" content=\"Miami Yachts\" \/>\n<meta property=\"article:modified_time\" content=\"2025-10-13T11:54:41+00:00\" \/>\n<meta property=\"og:image\" content=\"https:\/\/miami-yachts.com\/wp-content\/uploads\/2024\/10\/Bimini-20.jpg\" \/>\n\t<meta property=\"og:image:width\" content=\"1920\" \/>\n\t<meta property=\"og:image:height\" content=\"1080\" \/>\n\t<meta property=\"og:image:type\" content=\"image\/jpeg\" \/>\n<meta name=\"twitter:card\" content=\"summary_large_image\" \/>\n<meta name=\"twitter:label1\" content=\"Tiempo de lectura\" \/>\n\t<meta name=\"twitter:data1\" content=\"1 minuto\" \/>\n<script type=\"application\/ld+json\" class=\"yoast-schema-graph\">{\"@context\":\"https:\/\/schema.org\",\"@graph\":[{\"@type\":\"WebPage\",\"@id\":\"https:\/\/miami-yachts.com\/es\/vacaciones-de-primavera-en-miami\/\",\"url\":\"https:\/\/miami-yachts.com\/es\/vacaciones-de-primavera-en-miami\/\",\"name\":\"Vacaciones de primavera en Miami Yates de alquiler en Miami - Miami Yachts\",\"isPartOf\":{\"@id\":\"https:\/\/miami-yachts.com\/es\/#website\"},\"primaryImageOfPage\":{\"@id\":\"https:\/\/miami-yachts.com\/es\/vacaciones-de-primavera-en-miami\/#primaryimage\"},\"image\":{\"@id\":\"https:\/\/miami-yachts.com\/es\/vacaciones-de-primavera-en-miami\/#primaryimage\"},\"thumbnailUrl\":\"https:\/\/miami-yachts.com\/wp-content\/uploads\/2024\/10\/Bimini-20.jpg\",\"datePublished\":\"2022-06-01T16:05:35+00:00\",\"dateModified\":\"2025-10-13T11:54:41+00:00\",\"description\":\"Disfruta de lo mejor de la primavera de Miami Vacaciones de primavera en Miami a bordo de algunos de los mejores yates de la bah\u00eda de Miami\",\"breadcrumb\":{\"@id\":\"https:\/\/miami-yachts.com\/es\/vacaciones-de-primavera-en-miami\/#breadcrumb\"},\"inLanguage\":\"es\",\"potentialAction\":[{\"@type\":\"ReadAction\",\"target\":[\"https:\/\/miami-yachts.com\/es\/vacaciones-de-primavera-en-miami\/\"]}]},{\"@type\":\"ImageObject\",\"inLanguage\":\"es\",\"@id\":\"https:\/\/miami-yachts.com\/es\/vacaciones-de-primavera-en-miami\/#primaryimage\",\"url\":\"https:\/\/miami-yachts.com\/wp-content\/uploads\/2024\/10\/Bimini-20.jpg\",\"contentUrl\":\"https:\/\/miami-yachts.com\/wp-content\/uploads\/2024\/10\/Bimini-20.jpg\",\"width\":1920,\"height\":1080},{\"@type\":\"BreadcrumbList\",\"@id\":\"https:\/\/miami-yachts.com\/es\/vacaciones-de-primavera-en-miami\/#breadcrumb\",\"itemListElement\":[{\"@type\":\"ListItem\",\"position\":1,\"name\":\"Home\",\"item\":\"https:\/\/miami-yachts.com\/es\/pagina-de-inicio\/\"},{\"@type\":\"ListItem\",\"position\":2,\"name\":\"Vacaciones de primavera en Miami\"}]},{\"@type\":\"WebSite\",\"@id\":\"https:\/\/miami-yachts.com\/es\/#website\",\"url\":\"https:\/\/miami-yachts.com\/es\/\",\"name\":\"Miami Yachts\",\"description\":\"Miami Yachts for Charter\",\"publisher\":{\"@id\":\"https:\/\/miami-yachts.com\/es\/#organization\"},\"potentialAction\":[{\"@type\":\"SearchAction\",\"target\":{\"@type\":\"EntryPoint\",\"urlTemplate\":\"https:\/\/miami-yachts.com\/es\/?s={search_term_string}\"},\"query-input\":{\"@type\":\"PropertyValueSpecification\",\"valueRequired\":true,\"valueName\":\"search_term_string\"}}],\"inLanguage\":\"es\"},{\"@type\":\"Organization\",\"@id\":\"https:\/\/miami-yachts.com\/es\/#organization\",\"name\":\"Miami Yachts\",\"url\":\"https:\/\/miami-yachts.com\/es\/\",\"logo\":{\"@type\":\"ImageObject\",\"inLanguage\":\"es\",\"@id\":\"https:\/\/miami-yachts.com\/es\/#\/schema\/logo\/image\/\",\"url\":\"https:\/\/miami-yachts.com\/wp-content\/uploads\/2022\/01\/Cannes-Villa-Logo.jpg\",\"contentUrl\":\"https:\/\/miami-yachts.com\/wp-content\/uploads\/2022\/01\/Cannes-Villa-Logo.jpg\",\"width\":1704,\"height\":1704,\"caption\":\"Miami Yachts\"},\"image\":{\"@id\":\"https:\/\/miami-yachts.com\/es\/#\/schema\/logo\/image\/\"}}]}<\/script>\n<!-- \/ Yoast SEO plugin. -->","yoast_head_json":{"title":"Vacaciones de primavera en Miami Yates de alquiler en Miami - Miami Yachts","description":"Disfruta de lo mejor de la primavera de Miami Vacaciones de primavera en Miami a bordo de algunos de los mejores yates de la bah\u00eda de Miami","robots":{"index":"index","follow":"follow","max-snippet":"max-snippet:-1","max-image-preview":"max-image-preview:large","max-video-preview":"max-video-preview:-1"},"canonical":"https:\/\/miami-yachts.com\/es\/vacaciones-de-primavera-en-miami\/","og_locale":"es_ES","og_type":"article","og_title":"Vacaciones de primavera en Miami Yates de alquiler en Miami - Miami Yachts","og_description":"Disfruta de lo mejor de la primavera de Miami Vacaciones de primavera en Miami a bordo de algunos de los mejores yates de la bah\u00eda de Miami","og_url":"https:\/\/miami-yachts.com\/es\/vacaciones-de-primavera-en-miami\/","og_site_name":"Miami Yachts","article_modified_time":"2025-10-13T11:54:41+00:00","og_image":[{"width":1920,"height":1080,"url":"https:\/\/miami-yachts.com\/wp-content\/uploads\/2024\/10\/Bimini-20.jpg","type":"image\/jpeg"}],"twitter_card":"summary_large_image","twitter_misc":{"Tiempo de lectura":"1 minuto"},"schema":{"@context":"https:\/\/schema.org","@graph":[{"@type":"WebPage","@id":"https:\/\/miami-yachts.com\/es\/vacaciones-de-primavera-en-miami\/","url":"https:\/\/miami-yachts.com\/es\/vacaciones-de-primavera-en-miami\/","name":"Vacaciones de primavera en Miami Yates de alquiler en Miami - Miami Yachts","isPartOf":{"@id":"https:\/\/miami-yachts.com\/es\/#website"},"primaryImageOfPage":{"@id":"https:\/\/miami-yachts.com\/es\/vacaciones-de-primavera-en-miami\/#primaryimage"},"image":{"@id":"https:\/\/miami-yachts.com\/es\/vacaciones-de-primavera-en-miami\/#primaryimage"},"thumbnailUrl":"https:\/\/miami-yachts.com\/wp-content\/uploads\/2024\/10\/Bimini-20.jpg","datePublished":"2022-06-01T16:05:35+00:00","dateModified":"2025-10-13T11:54:41+00:00","description":"Disfruta de lo mejor de la primavera de Miami Vacaciones de primavera en Miami a bordo de algunos de los mejores yates de la bah\u00eda de Miami","breadcrumb":{"@id":"https:\/\/miami-yachts.com\/es\/vacaciones-de-primavera-en-miami\/#breadcrumb"},"inLanguage":"es","potentialAction":[{"@type":"ReadAction","target":["https:\/\/miami-yachts.com\/es\/vacaciones-de-primavera-en-miami\/"]}]},{"@type":"ImageObject","inLanguage":"es","@id":"https:\/\/miami-yachts.com\/es\/vacaciones-de-primavera-en-miami\/#primaryimage","url":"https:\/\/miami-yachts.com\/wp-content\/uploads\/2024\/10\/Bimini-20.jpg","contentUrl":"https:\/\/miami-yachts.com\/wp-content\/uploads\/2024\/10\/Bimini-20.jpg","width":1920,"height":1080},{"@type":"BreadcrumbList","@id":"https:\/\/miami-yachts.com\/es\/vacaciones-de-primavera-en-miami\/#breadcrumb","itemListElement":[{"@type":"ListItem","position":1,"name":"Home","item":"https:\/\/miami-yachts.com\/es\/pagina-de-inicio\/"},{"@type":"ListItem","position":2,"name":"Vacaciones de primavera en Miami"}]},{"@type":"WebSite","@id":"https:\/\/miami-yachts.com\/es\/#website","url":"https:\/\/miami-yachts.com\/es\/","name":"Miami Yachts","description":"Miami Yachts for Charter","publisher":{"@id":"https:\/\/miami-yachts.com\/es\/#organization"},"potentialAction":[{"@type":"SearchAction","target":{"@type":"EntryPoint","urlTemplate":"https:\/\/miami-yachts.com\/es\/?s={search_term_string}"},"query-input":{"@type":"PropertyValueSpecification","valueRequired":true,"valueName":"search_term_string"}}],"inLanguage":"es"},{"@type":"Organization","@id":"https:\/\/miami-yachts.com\/es\/#organization","name":"Miami Yachts","url":"https:\/\/miami-yachts.com\/es\/","logo":{"@type":"ImageObject","inLanguage":"es","@id":"https:\/\/miami-yachts.com\/es\/#\/schema\/logo\/image\/","url":"https:\/\/miami-yachts.com\/wp-content\/uploads\/2022\/01\/Cannes-Villa-Logo.jpg","contentUrl":"https:\/\/miami-yachts.com\/wp-content\/uploads\/2022\/01\/Cannes-Villa-Logo.jpg","width":1704,"height":1704,"caption":"Miami Yachts"},"image":{"@id":"https:\/\/miami-yachts.com\/es\/#\/schema\/logo\/image\/"}}]}},"distributor_meta":false,"distributor_terms":false,"distributor_media":false,"distributor_original_site_name":"Miami Yachts","distributor_original_site_url":"https:\/\/miami-yachts.com\/es\/","push-errors":false,"_links":{"self":[{"href":"https:\/\/miami-yachts.com\/es\/wp-json\/wp\/v2\/pages\/24475"}],"collection":[{"href":"https:\/\/miami-yachts.com\/es\/wp-json\/wp\/v2\/pages"}],"about":[{"href":"https:\/\/miami-yachts.com\/es\/wp-json\/wp\/v2\/types\/page"}],"author":[{"embeddable":true,"href":"https:\/\/miami-yachts.com\/es\/wp-json\/wp\/v2\/users\/3"}],"replies":[{"embeddable":true,"href":"https:\/\/miami-yachts.com\/es\/wp-json\/wp\/v2\/comments?post=24475"}],"version-history":[{"count":2,"href":"https:\/\/miami-yachts.com\/es\/wp-json\/wp\/v2\/pages\/24475\/revisions"}],"predecessor-version":[{"id":27008,"href":"https:\/\/miami-yachts.com\/es\/wp-json\/wp\/v2\/pages\/24475\/revisions\/27008"}],"wp:featuredmedia":[{"embeddable":true,"href":"https:\/\/miami-yachts.com\/es\/wp-json\/wp\/v2\/media\/24485"}],"wp:attachment":[{"href":"https:\/\/miami-yachts.com\/es\/wp-json\/wp\/v2\/media?parent=24475"}],"curies":[{"name":"wp","href":"https:\/\/api.w.org\/{rel}","templated":true}]}}