{"id":24488,"date":"2023-04-29T10:28:35","date_gmt":"2023-04-29T10:28:35","guid":{"rendered":"https:\/\/miami-yachts.com\/carta-diaria\/"},"modified":"2026-04-13T13:54:03","modified_gmt":"2026-04-13T13:54:03","slug":"carta-diaria","status":"publish","type":"page","link":"https:\/\/miami-yachts.com\/es\/carta-diaria\/","title":{"rendered":"Carta Diaria"},"content":{"rendered":"\t\t<div data-elementor-type=\"wp-page\" data-elementor-id=\"24488\" class=\"elementor elementor-24488\" data-elementor-post-type=\"page\">\n\t\t\t\t\t\t<section class=\"elementor-section elementor-top-section elementor-element elementor-element-b7e567a elementor-section-height-min-height elementor-section-items-bottom elementor-section-content-bottom elementor-section-boxed elementor-section-height-default\" data-id=\"b7e567a\" data-element_type=\"section\" data-e-type=\"section\" data-settings=\"{&quot;background_background&quot;:&quot;classic&quot;}\">\n\t\t\t\t\t\t<div class=\"elementor-container elementor-column-gap-default\">\n\t\t\t\t\t<div class=\"elementor-column elementor-col-100 elementor-top-column elementor-element elementor-element-a2b1923\" data-id=\"a2b1923\" data-element_type=\"column\" data-e-type=\"column\">\n\t\t\t<div class=\"elementor-widget-wrap elementor-element-populated\">\n\t\t\t\t\t\t<div class=\"elementor-element elementor-element-6a8a18f elementor-widget elementor-widget-heading\" data-id=\"6a8a18f\" data-element_type=\"widget\" data-e-type=\"widget\" data-widget_type=\"heading.default\">\n\t\t\t\t<div class=\"elementor-widget-container\">\n\t\t\t\t\t<h2 class=\"elementor-heading-title elementor-size-default\">Yates de un d\u00eda<\/h2>\t\t\t\t<\/div>\n\t\t\t\t<\/div>\n\t\t\t\t\t<\/div>\n\t\t<\/div>\n\t\t\t\t\t<\/div>\n\t\t<\/section>\n\t\t\t\t<section class=\"elementor-section elementor-top-section elementor-element elementor-element-9da68ef elementor-section-boxed elementor-section-height-default elementor-section-height-default\" data-id=\"9da68ef\" data-element_type=\"section\" data-e-type=\"section\">\n\t\t\t\t\t\t<div class=\"elementor-container elementor-column-gap-default\">\n\t\t\t\t\t<div class=\"elementor-column elementor-col-100 elementor-top-column elementor-element elementor-element-6726422\" data-id=\"6726422\" data-element_type=\"column\" data-e-type=\"column\">\n\t\t\t<div class=\"elementor-widget-wrap elementor-element-populated\">\n\t\t\t\t\t\t<div class=\"elementor-element elementor-element-61f4c80 elementor-widget elementor-widget-heading\" data-id=\"61f4c80\" data-element_type=\"widget\" data-e-type=\"widget\" data-widget_type=\"heading.default\">\n\t\t\t\t<div class=\"elementor-widget-container\">\n\t\t\t\t\t<h1 class=\"elementor-heading-title elementor-size-default\">Alquiler de barcos por d\u00edas Miami<\/h1>\t\t\t\t<\/div>\n\t\t\t\t<\/div>\n\t\t\t\t<div class=\"elementor-element elementor-element-f341bd7 elementor-widget elementor-widget-text-editor\" data-id=\"f341bd7\" data-element_type=\"widget\" data-e-type=\"widget\" data-widget_type=\"text-editor.default\">\n\t\t\t\t<div class=\"elementor-widget-container\">\n\t\t\t\t\t\t\t\t\t<p>El alquiler de yates por d\u00edas en Miami ofrece una escapada glamurosa e id\u00edlica a uno de los destinos costeros m\u00e1s emblem\u00e1ticos del mundo. Conocida por su vibrante escena n\u00e1utica, sus restaurantes de lujo y sus pintorescos puertos, Miami destila lujo y encanto. Con un alquiler de yates por d\u00edas, puedes experimentar el ep\u00edtome de la opulencia mientras navegas por las deslumbrantes aguas turquesas. Desde elegantes y estilizados yates a motor hasta elegantes veleros, hay una amplia selecci\u00f3n de yates disponibles para satisfacer tus preferencias y el tama\u00f1o de tu grupo. Al zarpar de Miami, disfrutar\u00e1s de impresionantes vistas de la costa, playas v\u00edrgenes y calas solitarias. Tanto si deseas tomar el sol en cubierta, practicar deportes acu\u00e1ticos, explorar ciudades costeras vecinas como Fort Lauderdale, o simplemente relajarte con estilo, la tripulaci\u00f3n profesional se asegurar\u00e1 de satisfacer todas tus necesidades. Con itinerarios a medida y un servicio impecable, el alquiler de yates por d\u00edas en Miami promete una experiencia inolvidable de lujo, relajaci\u00f3n y la verdadera esencia del alquiler y fletamento de yates en una de las ciudades m\u00e1s excitantes del mundo.      <\/p>\n\t\t\t\t\t\t\t\t<\/div>\n\t\t\t\t<\/div>\n\t\t\t\t\t<\/div>\n\t\t<\/div>\n\t\t\t\t\t<\/div>\n\t\t<\/section>\n\t\t\t\t<section class=\"elementor-section elementor-top-section elementor-element elementor-element-70decb7 elementor-section-boxed elementor-section-height-default elementor-section-height-default\" data-id=\"70decb7\" data-element_type=\"section\" data-e-type=\"section\">\n\t\t\t\t\t\t<div class=\"elementor-container elementor-column-gap-default\">\n\t\t\t\t\t<div class=\"elementor-column elementor-col-100 elementor-top-column elementor-element elementor-element-8a6d6c1\" data-id=\"8a6d6c1\" data-element_type=\"column\" data-e-type=\"column\">\n\t\t\t<div class=\"elementor-widget-wrap elementor-element-populated\">\n\t\t\t\t\t\t<div class=\"elementor-element elementor-element-f5b93a2 elementor-widget elementor-widget-heading\" data-id=\"f5b93a2\" data-element_type=\"widget\" data-e-type=\"widget\" data-widget_type=\"heading.default\">\n\t\t\t\t<div class=\"elementor-widget-container\">\n\t\t\t\t\t<h3 class=\"elementor-heading-title elementor-size-default\">Alquiler por d\u00edas en Miami<\/h3>\t\t\t\t<\/div>\n\t\t\t\t<\/div>\n\t\t\t\t<div class=\"elementor-element elementor-element-1341b27 elementor-widget elementor-widget-text-editor\" data-id=\"1341b27\" data-element_type=\"widget\" data-e-type=\"widget\" data-widget_type=\"text-editor.default\">\n\t\t\t\t<div class=\"elementor-widget-container\">\n\t\t\t\t\t\t\t\t\t<p>Navega por nuestra selecci\u00f3n de los mejores yates de alquiler en Miami:<\/p>\n\t\t\t\t\t\t\t\t<\/div>\n\t\t\t\t<\/div>\n\t\t\t\t<div class=\"elementor-element elementor-element-99103da elementor-posts--align-center elementor-grid-3 elementor-grid-tablet-2 elementor-grid-mobile-1 elementor-posts--thumbnail-top elementor-card-shadow-yes elementor-posts__hover-gradient elementor-widget elementor-widget-posts\" data-id=\"99103da\" data-element_type=\"widget\" data-e-type=\"widget\" data-settings=\"{&quot;cards_masonry&quot;:&quot;yes&quot;,&quot;cards_columns&quot;:&quot;3&quot;,&quot;cards_columns_tablet&quot;:&quot;2&quot;,&quot;cards_columns_mobile&quot;:&quot;1&quot;,&quot;cards_row_gap&quot;:{&quot;unit&quot;:&quot;px&quot;,&quot;size&quot;:35,&quot;sizes&quot;:[]},&quot;cards_row_gap_tablet&quot;:{&quot;unit&quot;:&quot;px&quot;,&quot;size&quot;:&quot;&quot;,&quot;sizes&quot;:[]},&quot;cards_row_gap_mobile&quot;:{&quot;unit&quot;:&quot;px&quot;,&quot;size&quot;:&quot;&quot;,&quot;sizes&quot;:[]}}\" data-widget_type=\"posts.cards\">\n\t\t\t\t<div class=\"elementor-widget-container\">\n\t\t\t\t\t\t\t<div class=\"elementor-posts-container elementor-posts elementor-posts--skin-cards elementor-grid\">\n\t\t\t\t<article class=\"elementor-post elementor-grid-item post-27318 yachts type-yachts status-publish has-post-thumbnail hentry category-center-console category-uncategorized tag-crew broker-oliver entry\">\n\t\t\t<div class=\"elementor-post__card\">\n\t\t\t\t<a class=\"elementor-post__thumbnail__link\" href=\"https:\/\/miami-yachts.com\/es\/rentals\/fiart-43\/\" tabindex=\"-1\" ><div class=\"elementor-post__thumbnail\"><img fetchpriority=\"high\" decoding=\"async\" width=\"750\" height=\"501\" src=\"https:\/\/miami-yachts.com\/wp-content\/uploads\/2022\/08\/Fiart-Mare-43-5-768x513.jpg\" class=\"attachment-medium_large size-medium_large wp-image-24729\" alt=\"\" srcset=\"https:\/\/miami-yachts.com\/wp-content\/uploads\/2022\/08\/Fiart-Mare-43-5-768x513.jpg 768w, https:\/\/miami-yachts.com\/wp-content\/uploads\/2022\/08\/Fiart-Mare-43-5-300x200.jpg 300w, https:\/\/miami-yachts.com\/wp-content\/uploads\/2022\/08\/Fiart-Mare-43-5-1024x684.jpg 1024w, https:\/\/miami-yachts.com\/wp-content\/uploads\/2022\/08\/Fiart-Mare-43-5-1536x1025.jpg 1536w, https:\/\/miami-yachts.com\/wp-content\/uploads\/2022\/08\/Fiart-Mare-43-5-1568x1047.jpg 1568w, https:\/\/miami-yachts.com\/wp-content\/uploads\/2022\/08\/Fiart-Mare-43-5.jpg 2000w\" sizes=\"(max-width: 750px) 100vw, 750px\" style=\"width:100%;height:66.75%;max-width:2000px;\" \/><\/div><\/a>\n\t\t\t\t<div class=\"elementor-post__text\">\n\t\t\t\t<h3 class=\"elementor-post__title\">\n\t\t\t<a href=\"https:\/\/miami-yachts.com\/es\/rentals\/fiart-43\/\" >\n\t\t\t\tFiart 43\t\t\t<\/a>\n\t\t<\/h3>\n\t\t\t\t<div class=\"elementor-post__excerpt\">\n\t\t\t<p>43 pies &#8211; Fiart &#8211; 2.700<\/p>\n\t\t<\/div>\n\t\t\t\t<\/div>\n\t\t\t\t\t<\/div>\n\t\t<\/article>\n\t\t\t\t<article class=\"elementor-post elementor-grid-item post-27333 yachts type-yachts status-publish has-post-thumbnail hentry category-uncategorized broker-oliver entry\">\n\t\t\t<div class=\"elementor-post__card\">\n\t\t\t\t<a class=\"elementor-post__thumbnail__link\" href=\"https:\/\/miami-yachts.com\/es\/rentals\/rivarama-44\/\" tabindex=\"-1\" ><div class=\"elementor-post__thumbnail\"><img decoding=\"async\" width=\"750\" height=\"499\" data-src=\"https:\/\/miami-yachts.com\/wp-content\/uploads\/2022\/08\/Riva-Rivarama-2-768x511.jpeg\" class=\"attachment-medium_large size-medium_large wp-image-24773 lazyload\" alt=\"\" data-srcset=\"https:\/\/miami-yachts.com\/wp-content\/uploads\/2022\/08\/Riva-Rivarama-2-768x511.jpeg 768w, https:\/\/miami-yachts.com\/wp-content\/uploads\/2022\/08\/Riva-Rivarama-2-300x200.jpeg 300w, https:\/\/miami-yachts.com\/wp-content\/uploads\/2022\/08\/Riva-Rivarama-2-1024x681.jpeg 1024w, https:\/\/miami-yachts.com\/wp-content\/uploads\/2022\/08\/Riva-Rivarama-2-1536x1022.jpeg 1536w, https:\/\/miami-yachts.com\/wp-content\/uploads\/2022\/08\/Riva-Rivarama-2-1568x1043.jpeg 1568w, https:\/\/miami-yachts.com\/wp-content\/uploads\/2022\/08\/Riva-Rivarama-2.jpeg 1920w\" data-sizes=\"(max-width: 750px) 100vw, 750px\" style=\"--smush-placeholder-width: 750px; --smush-placeholder-aspect-ratio: 750\/499;width:100%;height:66.51%;max-width:1920px;\" src=\"data:image\/gif;base64,R0lGODlhAQABAAAAACH5BAEKAAEALAAAAAABAAEAAAICTAEAOw==\" \/><\/div><\/a>\n\t\t\t\t<div class=\"elementor-post__text\">\n\t\t\t\t<h3 class=\"elementor-post__title\">\n\t\t\t<a href=\"https:\/\/miami-yachts.com\/es\/rentals\/rivarama-44\/\" >\n\t\t\t\tRivarama 44\t\t\t<\/a>\n\t\t<\/h3>\n\t\t\t\t<div class=\"elementor-post__excerpt\">\n\t\t\t<p>44 pies &#8211; Riva &#8211; 3.500<\/p>\n\t\t<\/div>\n\t\t\t\t<\/div>\n\t\t\t\t\t<\/div>\n\t\t<\/article>\n\t\t\t\t<article class=\"elementor-post elementor-grid-item post-27315 yachts type-yachts status-publish has-post-thumbnail hentry category-center-console category-sin-categorizar broker-oliver entry\">\n\t\t\t<div class=\"elementor-post__card\">\n\t\t\t\t<a class=\"elementor-post__thumbnail__link\" href=\"https:\/\/miami-yachts.com\/es\/rentals\/invictus-460\/\" tabindex=\"-1\" ><div class=\"elementor-post__thumbnail\"><img decoding=\"async\" width=\"750\" height=\"500\" data-src=\"https:\/\/miami-yachts.com\/wp-content\/uploads\/2023\/04\/Invictus-460-for-rent-10-768x512.jpeg\" class=\"attachment-medium_large size-medium_large wp-image-24788 lazyload\" alt=\"\" data-srcset=\"https:\/\/miami-yachts.com\/wp-content\/uploads\/2023\/04\/Invictus-460-for-rent-10-768x512.jpeg 768w, https:\/\/miami-yachts.com\/wp-content\/uploads\/2023\/04\/Invictus-460-for-rent-10-300x200.jpeg 300w, https:\/\/miami-yachts.com\/wp-content\/uploads\/2023\/04\/Invictus-460-for-rent-10-1024x683.jpeg 1024w, https:\/\/miami-yachts.com\/wp-content\/uploads\/2023\/04\/Invictus-460-for-rent-10-1536x1024.jpeg 1536w, https:\/\/miami-yachts.com\/wp-content\/uploads\/2023\/04\/Invictus-460-for-rent-10-1568x1045.jpeg 1568w, https:\/\/miami-yachts.com\/wp-content\/uploads\/2023\/04\/Invictus-460-for-rent-10.jpeg 1872w\" data-sizes=\"(max-width: 750px) 100vw, 750px\" style=\"--smush-placeholder-width: 750px; --smush-placeholder-aspect-ratio: 750\/500;width:100%;height:66.67%;max-width:1872px;\" src=\"data:image\/gif;base64,R0lGODlhAQABAAAAACH5BAEKAAEALAAAAAABAAEAAAICTAEAOw==\" \/><\/div><\/a>\n\t\t\t\t<div class=\"elementor-post__text\">\n\t\t\t\t<h3 class=\"elementor-post__title\">\n\t\t\t<a href=\"https:\/\/miami-yachts.com\/es\/rentals\/invictus-460\/\" >\n\t\t\t\tInvictus 460\t\t\t<\/a>\n\t\t<\/h3>\n\t\t\t\t<div class=\"elementor-post__excerpt\">\n\t\t\t<p>46ft &#8211; Invictus &#8211; $4,800<\/p>\n\t\t<\/div>\n\t\t\t\t<\/div>\n\t\t\t\t\t<\/div>\n\t\t<\/article>\n\t\t\t\t<article class=\"elementor-post elementor-grid-item post-27306 yachts type-yachts status-publish has-post-thumbnail hentry category-uncategorized broker-oliver entry\">\n\t\t\t<div class=\"elementor-post__card\">\n\t\t\t\t<a class=\"elementor-post__thumbnail__link\" href=\"https:\/\/miami-yachts.com\/es\/rentals\/dolceriva-48\/\" tabindex=\"-1\" ><div class=\"elementor-post__thumbnail\"><img decoding=\"async\" width=\"750\" height=\"500\" data-src=\"https:\/\/miami-yachts.com\/wp-content\/uploads\/2023\/04\/Riva-Dolceriva-48-for-rent-1-768x512.jpg\" class=\"attachment-medium_large size-medium_large wp-image-24736 lazyload\" alt=\"\" data-srcset=\"https:\/\/miami-yachts.com\/wp-content\/uploads\/2023\/04\/Riva-Dolceriva-48-for-rent-1-768x512.jpg 768w, https:\/\/miami-yachts.com\/wp-content\/uploads\/2023\/04\/Riva-Dolceriva-48-for-rent-1-300x200.jpg 300w, https:\/\/miami-yachts.com\/wp-content\/uploads\/2023\/04\/Riva-Dolceriva-48-for-rent-1-1024x683.jpg 1024w, https:\/\/miami-yachts.com\/wp-content\/uploads\/2023\/04\/Riva-Dolceriva-48-for-rent-1-1536x1024.jpg 1536w, https:\/\/miami-yachts.com\/wp-content\/uploads\/2023\/04\/Riva-Dolceriva-48-for-rent-1-1568x1045.jpg 1568w, https:\/\/miami-yachts.com\/wp-content\/uploads\/2023\/04\/Riva-Dolceriva-48-for-rent-1.jpg 2010w\" data-sizes=\"(max-width: 750px) 100vw, 750px\" style=\"--smush-placeholder-width: 750px; --smush-placeholder-aspect-ratio: 750\/500;width:100%;height:66.67%;max-width:2010px;\" src=\"data:image\/gif;base64,R0lGODlhAQABAAAAACH5BAEKAAEALAAAAAABAAEAAAICTAEAOw==\" \/><\/div><\/a>\n\t\t\t\t<div class=\"elementor-post__text\">\n\t\t\t\t<h3 class=\"elementor-post__title\">\n\t\t\t<a href=\"https:\/\/miami-yachts.com\/es\/rentals\/dolceriva-48\/\" >\n\t\t\t\tDolceriva 48\t\t\t<\/a>\n\t\t<\/h3>\n\t\t\t\t<div class=\"elementor-post__excerpt\">\n\t\t\t<p>48 pies &#8211; Riva &#8211; 4.500<\/p>\n\t\t<\/div>\n\t\t\t\t<\/div>\n\t\t\t\t\t<\/div>\n\t\t<\/article>\n\t\t\t\t<article class=\"elementor-post elementor-grid-item post-27312 yachts type-yachts status-publish has-post-thumbnail hentry category-center-console category-uncategorized category-tender tag-crew tag-luxury broker-oliver entry\">\n\t\t\t<div class=\"elementor-post__card\">\n\t\t\t\t<a class=\"elementor-post__thumbnail__link\" href=\"https:\/\/miami-yachts.com\/es\/rentals\/pardo-50\/\" tabindex=\"-1\" ><div class=\"elementor-post__thumbnail\"><img decoding=\"async\" width=\"750\" height=\"422\" data-src=\"https:\/\/miami-yachts.com\/wp-content\/uploads\/2025\/03\/Pardo-50-2-768x432.jpg\" class=\"attachment-medium_large size-medium_large wp-image-26691 lazyload\" alt=\"\" data-srcset=\"https:\/\/miami-yachts.com\/wp-content\/uploads\/2025\/03\/Pardo-50-2-768x432.jpg 768w, https:\/\/miami-yachts.com\/wp-content\/uploads\/2025\/03\/Pardo-50-2-300x169.jpg 300w, https:\/\/miami-yachts.com\/wp-content\/uploads\/2025\/03\/Pardo-50-2-1024x575.jpg 1024w, https:\/\/miami-yachts.com\/wp-content\/uploads\/2025\/03\/Pardo-50-2-1536x863.jpg 1536w, https:\/\/miami-yachts.com\/wp-content\/uploads\/2025\/03\/Pardo-50-2-1568x881.jpg 1568w, https:\/\/miami-yachts.com\/wp-content\/uploads\/2025\/03\/Pardo-50-2.jpg 2000w\" data-sizes=\"(max-width: 750px) 100vw, 750px\" style=\"--smush-placeholder-width: 750px; --smush-placeholder-aspect-ratio: 750\/422;width:100%;height:56.2%;max-width:2000px;\" src=\"data:image\/gif;base64,R0lGODlhAQABAAAAACH5BAEKAAEALAAAAAABAAEAAAICTAEAOw==\" \/><\/div><\/a>\n\t\t\t\t<div class=\"elementor-post__text\">\n\t\t\t\t<h3 class=\"elementor-post__title\">\n\t\t\t<a href=\"https:\/\/miami-yachts.com\/es\/rentals\/pardo-50\/\" >\n\t\t\t\tPardo 50\t\t\t<\/a>\n\t\t<\/h3>\n\t\t\t\t<div class=\"elementor-post__excerpt\">\n\t\t\t<p>50 pies &#8211; Pardo &#8211; 2.500<\/p>\n\t\t<\/div>\n\t\t\t\t<\/div>\n\t\t\t\t\t<\/div>\n\t\t<\/article>\n\t\t\t\t<\/div>\n\t\t\n\t\t\t\t\t\t<\/div>\n\t\t\t\t<\/div>\n\t\t\t\t\t<\/div>\n\t\t<\/div>\n\t\t\t\t\t<\/div>\n\t\t<\/section>\n\t\t\t\t<\/div>\n\t\t","protected":false},"excerpt":{"rendered":"<p>Alquiler de yates por d\u00edas EN MIAMI El alquiler de yates por d\u00edas en Miami ofrece una escapada glamurosa e id\u00edlica a uno de los destinos costeros m\u00e1s emblem\u00e1ticos del mundo. Conocida por su vibrante escena n\u00e1utica, sus restaurantes de lujo y sus pintorescos puertos, Miami destila lujo y encanto. Con un alquiler de yates&hellip; <a class=\"more-link\" href=\"https:\/\/miami-yachts.com\/es\/rentals\/pardo-50\/\">Seguir leyendo <span class=\"screen-reader-text\">Pardo 50<\/span><\/a><\/p>\n","protected":false},"author":3,"featured_media":24489,"parent":0,"menu_order":0,"comment_status":"closed","ping_status":"closed","template":"elementor_header_footer","meta":{"_acf_changed":false,"footnotes":""},"class_list":["post-24488","page","type-page","status-publish","has-post-thumbnail","hentry","entry"],"acf":[],"yoast_head":"<!-- This site is optimized with the Yoast SEO plugin v24.7 - https:\/\/yoast.com\/wordpress\/plugins\/seo\/ -->\n<title>Alquiler de barcos por d\u00edas Miami - Miami Yachts<\/title>\n<meta name=\"description\" content=\"\u00a1Alquila un yate en Miami por un d\u00eda! Navega por nuestro alquiler de yates por d\u00edas en Miami y emb\u00e1rcate en un crucero de lujo.\" \/>\n<meta name=\"robots\" content=\"index, follow, max-snippet:-1, max-image-preview:large, max-video-preview:-1\" \/>\n<link rel=\"canonical\" href=\"https:\/\/miami-yachts.com\/es\/carta-diaria\/\" \/>\n<meta property=\"og:locale\" content=\"es_ES\" \/>\n<meta property=\"og:type\" content=\"article\" \/>\n<meta property=\"og:title\" content=\"Alquiler de barcos por d\u00edas Miami - Miami Yachts\" \/>\n<meta property=\"og:description\" content=\"\u00a1Alquila un yate en Miami por un d\u00eda! Navega por nuestro alquiler de yates por d\u00edas en Miami y emb\u00e1rcate en un crucero de lujo.\" \/>\n<meta property=\"og:url\" content=\"https:\/\/miami-yachts.com\/es\/carta-diaria\/\" \/>\n<meta property=\"og:site_name\" content=\"Miami Yachts\" \/>\n<meta property=\"article:modified_time\" content=\"2026-04-13T13:54:03+00:00\" \/>\n<meta property=\"og:image\" content=\"https:\/\/miami-yachts.com\/wp-content\/uploads\/2022\/07\/Sunseeker-65-Sport-Yacht-for-Charter-15.jpeg\" \/>\n\t<meta property=\"og:image:width\" content=\"2159\" \/>\n\t<meta property=\"og:image:height\" content=\"1440\" \/>\n\t<meta property=\"og:image:type\" content=\"image\/jpeg\" \/>\n<meta name=\"twitter:card\" content=\"summary_large_image\" \/>\n<meta name=\"twitter:label1\" content=\"Tiempo de lectura\" \/>\n\t<meta name=\"twitter:data1\" content=\"1 minuto\" \/>\n<script type=\"application\/ld+json\" class=\"yoast-schema-graph\">{\"@context\":\"https:\/\/schema.org\",\"@graph\":[{\"@type\":\"WebPage\",\"@id\":\"https:\/\/miami-yachts.com\/es\/carta-diaria\/\",\"url\":\"https:\/\/miami-yachts.com\/es\/carta-diaria\/\",\"name\":\"Alquiler de barcos por d\u00edas Miami - Miami Yachts\",\"isPartOf\":{\"@id\":\"https:\/\/miami-yachts.com\/es\/#website\"},\"primaryImageOfPage\":{\"@id\":\"https:\/\/miami-yachts.com\/es\/carta-diaria\/#primaryimage\"},\"image\":{\"@id\":\"https:\/\/miami-yachts.com\/es\/carta-diaria\/#primaryimage\"},\"thumbnailUrl\":\"https:\/\/miami-yachts.com\/wp-content\/uploads\/2022\/07\/Sunseeker-65-Sport-Yacht-for-Charter-15.jpeg\",\"datePublished\":\"2023-04-29T10:28:35+00:00\",\"dateModified\":\"2026-04-13T13:54:03+00:00\",\"description\":\"\u00a1Alquila un yate en Miami por un d\u00eda! Navega por nuestro alquiler de yates por d\u00edas en Miami y emb\u00e1rcate en un crucero de lujo.\",\"breadcrumb\":{\"@id\":\"https:\/\/miami-yachts.com\/es\/carta-diaria\/#breadcrumb\"},\"inLanguage\":\"es\",\"potentialAction\":[{\"@type\":\"ReadAction\",\"target\":[\"https:\/\/miami-yachts.com\/es\/carta-diaria\/\"]}]},{\"@type\":\"ImageObject\",\"inLanguage\":\"es\",\"@id\":\"https:\/\/miami-yachts.com\/es\/carta-diaria\/#primaryimage\",\"url\":\"https:\/\/miami-yachts.com\/wp-content\/uploads\/2022\/07\/Sunseeker-65-Sport-Yacht-for-Charter-15.jpeg\",\"contentUrl\":\"https:\/\/miami-yachts.com\/wp-content\/uploads\/2022\/07\/Sunseeker-65-Sport-Yacht-for-Charter-15.jpeg\",\"width\":2159,\"height\":1440},{\"@type\":\"BreadcrumbList\",\"@id\":\"https:\/\/miami-yachts.com\/es\/carta-diaria\/#breadcrumb\",\"itemListElement\":[{\"@type\":\"ListItem\",\"position\":1,\"name\":\"Home\",\"item\":\"https:\/\/miami-yachts.com\/es\/pagina-de-inicio\/\"},{\"@type\":\"ListItem\",\"position\":2,\"name\":\"Carta Diaria\"}]},{\"@type\":\"WebSite\",\"@id\":\"https:\/\/miami-yachts.com\/es\/#website\",\"url\":\"https:\/\/miami-yachts.com\/es\/\",\"name\":\"Miami Yachts\",\"description\":\"Miami Yachts for Charter\",\"publisher\":{\"@id\":\"https:\/\/miami-yachts.com\/es\/#organization\"},\"potentialAction\":[{\"@type\":\"SearchAction\",\"target\":{\"@type\":\"EntryPoint\",\"urlTemplate\":\"https:\/\/miami-yachts.com\/es\/?s={search_term_string}\"},\"query-input\":{\"@type\":\"PropertyValueSpecification\",\"valueRequired\":true,\"valueName\":\"search_term_string\"}}],\"inLanguage\":\"es\"},{\"@type\":\"Organization\",\"@id\":\"https:\/\/miami-yachts.com\/es\/#organization\",\"name\":\"Miami Yachts\",\"url\":\"https:\/\/miami-yachts.com\/es\/\",\"logo\":{\"@type\":\"ImageObject\",\"inLanguage\":\"es\",\"@id\":\"https:\/\/miami-yachts.com\/es\/#\/schema\/logo\/image\/\",\"url\":\"https:\/\/miami-yachts.com\/wp-content\/uploads\/2022\/01\/Cannes-Villa-Logo.jpg\",\"contentUrl\":\"https:\/\/miami-yachts.com\/wp-content\/uploads\/2022\/01\/Cannes-Villa-Logo.jpg\",\"width\":1704,\"height\":1704,\"caption\":\"Miami Yachts\"},\"image\":{\"@id\":\"https:\/\/miami-yachts.com\/es\/#\/schema\/logo\/image\/\"}}]}<\/script>\n<!-- \/ Yoast SEO plugin. -->","yoast_head_json":{"title":"Alquiler de barcos por d\u00edas Miami - Miami Yachts","description":"\u00a1Alquila un yate en Miami por un d\u00eda! Navega por nuestro alquiler de yates por d\u00edas en Miami y emb\u00e1rcate en un crucero de lujo.","robots":{"index":"index","follow":"follow","max-snippet":"max-snippet:-1","max-image-preview":"max-image-preview:large","max-video-preview":"max-video-preview:-1"},"canonical":"https:\/\/miami-yachts.com\/es\/carta-diaria\/","og_locale":"es_ES","og_type":"article","og_title":"Alquiler de barcos por d\u00edas Miami - Miami Yachts","og_description":"\u00a1Alquila un yate en Miami por un d\u00eda! Navega por nuestro alquiler de yates por d\u00edas en Miami y emb\u00e1rcate en un crucero de lujo.","og_url":"https:\/\/miami-yachts.com\/es\/carta-diaria\/","og_site_name":"Miami Yachts","article_modified_time":"2026-04-13T13:54:03+00:00","og_image":[{"width":2159,"height":1440,"url":"https:\/\/miami-yachts.com\/wp-content\/uploads\/2022\/07\/Sunseeker-65-Sport-Yacht-for-Charter-15.jpeg","type":"image\/jpeg"}],"twitter_card":"summary_large_image","twitter_misc":{"Tiempo de lectura":"1 minuto"},"schema":{"@context":"https:\/\/schema.org","@graph":[{"@type":"WebPage","@id":"https:\/\/miami-yachts.com\/es\/carta-diaria\/","url":"https:\/\/miami-yachts.com\/es\/carta-diaria\/","name":"Alquiler de barcos por d\u00edas Miami - Miami Yachts","isPartOf":{"@id":"https:\/\/miami-yachts.com\/es\/#website"},"primaryImageOfPage":{"@id":"https:\/\/miami-yachts.com\/es\/carta-diaria\/#primaryimage"},"image":{"@id":"https:\/\/miami-yachts.com\/es\/carta-diaria\/#primaryimage"},"thumbnailUrl":"https:\/\/miami-yachts.com\/wp-content\/uploads\/2022\/07\/Sunseeker-65-Sport-Yacht-for-Charter-15.jpeg","datePublished":"2023-04-29T10:28:35+00:00","dateModified":"2026-04-13T13:54:03+00:00","description":"\u00a1Alquila un yate en Miami por un d\u00eda! Navega por nuestro alquiler de yates por d\u00edas en Miami y emb\u00e1rcate en un crucero de lujo.","breadcrumb":{"@id":"https:\/\/miami-yachts.com\/es\/carta-diaria\/#breadcrumb"},"inLanguage":"es","potentialAction":[{"@type":"ReadAction","target":["https:\/\/miami-yachts.com\/es\/carta-diaria\/"]}]},{"@type":"ImageObject","inLanguage":"es","@id":"https:\/\/miami-yachts.com\/es\/carta-diaria\/#primaryimage","url":"https:\/\/miami-yachts.com\/wp-content\/uploads\/2022\/07\/Sunseeker-65-Sport-Yacht-for-Charter-15.jpeg","contentUrl":"https:\/\/miami-yachts.com\/wp-content\/uploads\/2022\/07\/Sunseeker-65-Sport-Yacht-for-Charter-15.jpeg","width":2159,"height":1440},{"@type":"BreadcrumbList","@id":"https:\/\/miami-yachts.com\/es\/carta-diaria\/#breadcrumb","itemListElement":[{"@type":"ListItem","position":1,"name":"Home","item":"https:\/\/miami-yachts.com\/es\/pagina-de-inicio\/"},{"@type":"ListItem","position":2,"name":"Carta Diaria"}]},{"@type":"WebSite","@id":"https:\/\/miami-yachts.com\/es\/#website","url":"https:\/\/miami-yachts.com\/es\/","name":"Miami Yachts","description":"Miami Yachts for Charter","publisher":{"@id":"https:\/\/miami-yachts.com\/es\/#organization"},"potentialAction":[{"@type":"SearchAction","target":{"@type":"EntryPoint","urlTemplate":"https:\/\/miami-yachts.com\/es\/?s={search_term_string}"},"query-input":{"@type":"PropertyValueSpecification","valueRequired":true,"valueName":"search_term_string"}}],"inLanguage":"es"},{"@type":"Organization","@id":"https:\/\/miami-yachts.com\/es\/#organization","name":"Miami Yachts","url":"https:\/\/miami-yachts.com\/es\/","logo":{"@type":"ImageObject","inLanguage":"es","@id":"https:\/\/miami-yachts.com\/es\/#\/schema\/logo\/image\/","url":"https:\/\/miami-yachts.com\/wp-content\/uploads\/2022\/01\/Cannes-Villa-Logo.jpg","contentUrl":"https:\/\/miami-yachts.com\/wp-content\/uploads\/2022\/01\/Cannes-Villa-Logo.jpg","width":1704,"height":1704,"caption":"Miami Yachts"},"image":{"@id":"https:\/\/miami-yachts.com\/es\/#\/schema\/logo\/image\/"}}]}},"distributor_meta":false,"distributor_terms":false,"distributor_media":false,"distributor_original_site_name":"Miami Yachts","distributor_original_site_url":"https:\/\/miami-yachts.com\/es\/","push-errors":false,"_links":{"self":[{"href":"https:\/\/miami-yachts.com\/es\/wp-json\/wp\/v2\/pages\/24488"}],"collection":[{"href":"https:\/\/miami-yachts.com\/es\/wp-json\/wp\/v2\/pages"}],"about":[{"href":"https:\/\/miami-yachts.com\/es\/wp-json\/wp\/v2\/types\/page"}],"author":[{"embeddable":true,"href":"https:\/\/miami-yachts.com\/es\/wp-json\/wp\/v2\/users\/3"}],"replies":[{"embeddable":true,"href":"https:\/\/miami-yachts.com\/es\/wp-json\/wp\/v2\/comments?post=24488"}],"version-history":[{"count":3,"href":"https:\/\/miami-yachts.com\/es\/wp-json\/wp\/v2\/pages\/24488\/revisions"}],"predecessor-version":[{"id":28348,"href":"https:\/\/miami-yachts.com\/es\/wp-json\/wp\/v2\/pages\/24488\/revisions\/28348"}],"wp:featuredmedia":[{"embeddable":true,"href":"https:\/\/miami-yachts.com\/es\/wp-json\/wp\/v2\/media\/24489"}],"wp:attachment":[{"href":"https:\/\/miami-yachts.com\/es\/wp-json\/wp\/v2\/media?parent=24488"}],"curies":[{"name":"wp","href":"https:\/\/api.w.org\/{rel}","templated":true}]}}