{"id":11045,"date":"2022-01-27T20:55:58","date_gmt":"2022-01-27T20:55:58","guid":{"rendered":"https:\/\/miami-yachts.com\/actualites\/"},"modified":"2025-10-01T09:47:12","modified_gmt":"2025-10-01T09:47:12","slug":"actualites","status":"publish","type":"page","link":"https:\/\/miami-yachts.com\/fr\/actualites\/","title":{"rendered":"Actualit\u00e9s"},"content":{"rendered":"\t\t<div data-elementor-type=\"wp-page\" data-elementor-id=\"11045\" class=\"elementor elementor-11045\" data-elementor-post-type=\"page\">\n\t\t\t\t\t\t<section class=\"elementor-section elementor-top-section elementor-element elementor-element-a626fe1 elementor-section-height-min-height elementor-section-items-bottom elementor-section-content-bottom elementor-section-boxed elementor-section-height-default\" data-id=\"a626fe1\" data-element_type=\"section\" data-e-type=\"section\" data-settings=\"{&quot;background_background&quot;:&quot;classic&quot;}\">\n\t\t\t\t\t\t<div class=\"elementor-container elementor-column-gap-default\">\n\t\t\t\t\t<div class=\"elementor-column elementor-col-100 elementor-top-column elementor-element elementor-element-c54690a\" data-id=\"c54690a\" data-element_type=\"column\" data-e-type=\"column\">\n\t\t\t<div class=\"elementor-widget-wrap elementor-element-populated\">\n\t\t\t\t\t\t<div class=\"elementor-element elementor-element-88b22b9 elementor-widget elementor-widget-heading\" data-id=\"88b22b9\" data-element_type=\"widget\" data-e-type=\"widget\" data-widget_type=\"heading.default\">\n\t\t\t\t<div class=\"elementor-widget-container\">\n\t\t\t\t\t<h1 class=\"elementor-heading-title elementor-size-default\">NOUVELLES<\/h1>\t\t\t\t<\/div>\n\t\t\t\t<\/div>\n\t\t\t\t\t<\/div>\n\t\t<\/div>\n\t\t\t\t\t<\/div>\n\t\t<\/section>\n\t\t\t\t<section class=\"elementor-section elementor-top-section elementor-element elementor-element-271c867 elementor-section-boxed elementor-section-height-default elementor-section-height-default\" data-id=\"271c867\" data-element_type=\"section\" data-e-type=\"section\">\n\t\t\t\t\t\t<div class=\"elementor-container elementor-column-gap-default\">\n\t\t\t\t\t<div class=\"elementor-column elementor-col-100 elementor-top-column elementor-element elementor-element-7a88480\" data-id=\"7a88480\" data-element_type=\"column\" data-e-type=\"column\">\n\t\t\t<div class=\"elementor-widget-wrap elementor-element-populated\">\n\t\t\t\t\t\t<div class=\"elementor-element elementor-element-08fb02a elementor-widget elementor-widget-heading\" data-id=\"08fb02a\" data-element_type=\"widget\" data-e-type=\"widget\" data-widget_type=\"heading.default\">\n\t\t\t\t<div class=\"elementor-widget-container\">\n\t\t\t\t\t<h2 class=\"elementor-heading-title elementor-size-default\">NOS NOUVELLES<\/h2>\t\t\t\t<\/div>\n\t\t\t\t<\/div>\n\t\t\t\t<div class=\"elementor-element elementor-element-430b446 elementor-widget elementor-widget-text-editor\" data-id=\"430b446\" data-element_type=\"widget\" data-e-type=\"widget\" data-widget_type=\"text-editor.default\">\n\t\t\t\t<div class=\"elementor-widget-container\">\n\t\t\t\t\t\t\t\t\t<p>Les derni\u00e8res nouvelles concernant le yacht de luxe \u00e0 louer \u00e0 St Tropez :<\/p>\n\t\t\t\t\t\t\t\t<\/div>\n\t\t\t\t<\/div>\n\t\t\t\t<div class=\"elementor-element elementor-element-7919166 elementor-posts--align-center elementor-grid-3 elementor-grid-tablet-2 elementor-grid-mobile-1 elementor-posts--thumbnail-top elementor-card-shadow-yes elementor-posts__hover-gradient elementor-widget elementor-widget-posts\" data-id=\"7919166\" data-element_type=\"widget\" data-e-type=\"widget\" data-settings=\"{&quot;pagination_type&quot;:&quot;numbers&quot;,&quot;cards_masonry&quot;:&quot;yes&quot;,&quot;cards_columns&quot;:&quot;3&quot;,&quot;cards_columns_tablet&quot;:&quot;2&quot;,&quot;cards_columns_mobile&quot;:&quot;1&quot;,&quot;cards_row_gap&quot;:{&quot;unit&quot;:&quot;px&quot;,&quot;size&quot;:35,&quot;sizes&quot;:[]},&quot;cards_row_gap_tablet&quot;:{&quot;unit&quot;:&quot;px&quot;,&quot;size&quot;:&quot;&quot;,&quot;sizes&quot;:[]},&quot;cards_row_gap_mobile&quot;:{&quot;unit&quot;:&quot;px&quot;,&quot;size&quot;:&quot;&quot;,&quot;sizes&quot;:[]}}\" data-widget_type=\"posts.cards\">\n\t\t\t\t<div class=\"elementor-widget-container\">\n\t\t\t\t\t\t\t<div class=\"elementor-posts-container elementor-posts elementor-posts--skin-cards elementor-grid\">\n\t\t\t\t<article class=\"elementor-post elementor-grid-item post-23292 post type-post status-publish format-standard has-post-thumbnail hentry category-uncategorized entry\">\n\t\t\t<div class=\"elementor-post__card\">\n\t\t\t\t<a class=\"elementor-post__thumbnail__link\" href=\"https:\/\/miami-yachts.com\/fr\/news\/des-experiences-uniques-avec-la-faune-et-la-flore-lors-dune-location-de-yacht-a-miami\/\" tabindex=\"-1\" ><div class=\"elementor-post__thumbnail\"><img fetchpriority=\"high\" decoding=\"async\" width=\"750\" height=\"500\" src=\"https:\/\/miami-yachts.com\/wp-content\/uploads\/2024\/12\/Dolpin-1024x683.jpg\" class=\"attachment-large size-large wp-image-23302\" alt=\"\" srcset=\"https:\/\/miami-yachts.com\/wp-content\/uploads\/2024\/12\/Dolpin-1024x683.jpg 1024w, https:\/\/miami-yachts.com\/wp-content\/uploads\/2024\/12\/Dolpin-300x200.jpg 300w, https:\/\/miami-yachts.com\/wp-content\/uploads\/2024\/12\/Dolpin-768x512.jpg 768w, https:\/\/miami-yachts.com\/wp-content\/uploads\/2024\/12\/Dolpin-1536x1024.jpg 1536w, https:\/\/miami-yachts.com\/wp-content\/uploads\/2024\/12\/Dolpin-2048x1365.jpg 2048w, https:\/\/miami-yachts.com\/wp-content\/uploads\/2024\/12\/Dolpin-1568x1045.jpg 1568w\" sizes=\"(max-width: 750px) 100vw, 750px\" style=\"width:100%;height:66.64%;max-width:2560px;\" \/><\/div><\/a>\n\t\t\t\t<div class=\"elementor-post__text\">\n\t\t\t\t<h3 class=\"elementor-post__title\">\n\t\t\t<a href=\"https:\/\/miami-yachts.com\/fr\/news\/des-experiences-uniques-avec-la-faune-et-la-flore-lors-dune-location-de-yacht-a-miami\/\" >\n\t\t\t\tDes exp\u00e9riences uniques avec la faune et la flore lors d&rsquo;une location de yacht \u00e0 Miami\t\t\t<\/a>\n\t\t<\/h3>\n\t\t\t\t<\/div>\n\t\t\t\t\t<\/div>\n\t\t<\/article>\n\t\t\t\t<article class=\"elementor-post elementor-grid-item post-23279 post type-post status-publish format-standard has-post-thumbnail hentry category-uncategorized entry\">\n\t\t\t<div class=\"elementor-post__card\">\n\t\t\t\t<a class=\"elementor-post__thumbnail__link\" href=\"https:\/\/miami-yachts.com\/fr\/news\/les-meilleurs-itineraires-en-yacht-pour-les-croisieres-panoramiques-dans-la-baie-de-miami\/\" tabindex=\"-1\" ><div class=\"elementor-post__thumbnail\"><img decoding=\"async\" width=\"750\" height=\"500\" data-src=\"https:\/\/miami-yachts.com\/wp-content\/uploads\/2024\/10\/Biscayne-Bay-1-1024x683.png\" class=\"attachment-large size-large wp-image-15426 lazyload\" alt=\"\" data-srcset=\"https:\/\/miami-yachts.com\/wp-content\/uploads\/2024\/10\/Biscayne-Bay-1-1024x683.png 1024w, https:\/\/miami-yachts.com\/wp-content\/uploads\/2024\/10\/Biscayne-Bay-1-300x200.png 300w, https:\/\/miami-yachts.com\/wp-content\/uploads\/2024\/10\/Biscayne-Bay-1-768x512.png 768w, https:\/\/miami-yachts.com\/wp-content\/uploads\/2024\/10\/Biscayne-Bay-1-1536x1024.png 1536w, https:\/\/miami-yachts.com\/wp-content\/uploads\/2024\/10\/Biscayne-Bay-1-1568x1045.png 1568w, https:\/\/miami-yachts.com\/wp-content\/uploads\/2024\/10\/Biscayne-Bay-1.png 1920w\" data-sizes=\"(max-width: 750px) 100vw, 750px\" style=\"--smush-placeholder-width: 750px; --smush-placeholder-aspect-ratio: 750\/500;width:100%;height:66.67%;max-width:1920px;\" src=\"data:image\/gif;base64,R0lGODlhAQABAAAAACH5BAEKAAEALAAAAAABAAEAAAICTAEAOw==\" \/><\/div><\/a>\n\t\t\t\t<div class=\"elementor-post__text\">\n\t\t\t\t<h3 class=\"elementor-post__title\">\n\t\t\t<a href=\"https:\/\/miami-yachts.com\/fr\/news\/les-meilleurs-itineraires-en-yacht-pour-les-croisieres-panoramiques-dans-la-baie-de-miami\/\" >\n\t\t\t\tLes meilleurs itin\u00e9raires en yacht pour les croisi\u00e8res panoramiques dans la baie de Miami\t\t\t<\/a>\n\t\t<\/h3>\n\t\t\t\t<\/div>\n\t\t\t\t\t<\/div>\n\t\t<\/article>\n\t\t\t\t<article class=\"elementor-post elementor-grid-item post-23271 post type-post status-publish format-standard has-post-thumbnail hentry category-uncategorized entry\">\n\t\t\t<div class=\"elementor-post__card\">\n\t\t\t\t<a class=\"elementor-post__thumbnail__link\" href=\"https:\/\/miami-yachts.com\/fr\/news\/liste-de-controle-ultime-pour-une-fete-sur-un-yacht-a-miami-tout-ce-dont-vous-avez-besoin-pour-organiser-un-evenement-epique-sur-un-yacht\/\" tabindex=\"-1\" ><div class=\"elementor-post__thumbnail\"><img decoding=\"async\" width=\"750\" height=\"500\" data-src=\"https:\/\/miami-yachts.com\/wp-content\/uploads\/2024\/12\/Vanquish-58-7-1024x683.jpg\" class=\"attachment-large size-large wp-image-22976 lazyload\" alt=\"\" data-srcset=\"https:\/\/miami-yachts.com\/wp-content\/uploads\/2024\/12\/Vanquish-58-7-1024x683.jpg 1024w, https:\/\/miami-yachts.com\/wp-content\/uploads\/2024\/12\/Vanquish-58-7-300x200.jpg 300w, https:\/\/miami-yachts.com\/wp-content\/uploads\/2024\/12\/Vanquish-58-7-768x512.jpg 768w, https:\/\/miami-yachts.com\/wp-content\/uploads\/2024\/12\/Vanquish-58-7-1536x1024.jpg 1536w, https:\/\/miami-yachts.com\/wp-content\/uploads\/2024\/12\/Vanquish-58-7-2048x1365.jpg 2048w, https:\/\/miami-yachts.com\/wp-content\/uploads\/2024\/12\/Vanquish-58-7-1568x1045.jpg 1568w\" data-sizes=\"(max-width: 750px) 100vw, 750px\" style=\"--smush-placeholder-width: 750px; --smush-placeholder-aspect-ratio: 750\/500;width:100%;height:66.67%;max-width:2550px;\" src=\"data:image\/gif;base64,R0lGODlhAQABAAAAACH5BAEKAAEALAAAAAABAAEAAAICTAEAOw==\" \/><\/div><\/a>\n\t\t\t\t<div class=\"elementor-post__text\">\n\t\t\t\t<h3 class=\"elementor-post__title\">\n\t\t\t<a href=\"https:\/\/miami-yachts.com\/fr\/news\/liste-de-controle-ultime-pour-une-fete-sur-un-yacht-a-miami-tout-ce-dont-vous-avez-besoin-pour-organiser-un-evenement-epique-sur-un-yacht\/\" >\n\t\t\t\tListe de contr\u00f4le ultime pour une f\u00eate sur un yacht \u00e0 Miami : Tout ce dont vous avez besoin pour organiser un \u00e9v\u00e9nement \u00e9pique sur un yacht\t\t\t<\/a>\n\t\t<\/h3>\n\t\t\t\t<\/div>\n\t\t\t\t\t<\/div>\n\t\t<\/article>\n\t\t\t\t<article class=\"elementor-post elementor-grid-item post-23264 post type-post status-publish format-standard has-post-thumbnail hentry category-uncategorized entry\">\n\t\t\t<div class=\"elementor-post__card\">\n\t\t\t\t<a class=\"elementor-post__thumbnail__link\" href=\"https:\/\/miami-yachts.com\/fr\/news\/location-de-yachts-pour-evenements-les-meilleurs-yachts-a-louer-pour-des-evenements-speciaux-et-des-fetes-a-miami\/\" tabindex=\"-1\" ><div class=\"elementor-post__thumbnail\"><img decoding=\"async\" width=\"750\" height=\"500\" data-src=\"https:\/\/miami-yachts.com\/wp-content\/uploads\/2024\/11\/Sirena-88-Miami-5-1024x682.jpg\" class=\"attachment-large size-large wp-image-22551 lazyload\" alt=\"\" data-srcset=\"https:\/\/miami-yachts.com\/wp-content\/uploads\/2024\/11\/Sirena-88-Miami-5-1024x682.jpg 1024w, https:\/\/miami-yachts.com\/wp-content\/uploads\/2024\/11\/Sirena-88-Miami-5-300x200.jpg 300w, https:\/\/miami-yachts.com\/wp-content\/uploads\/2024\/11\/Sirena-88-Miami-5-768x512.jpg 768w, https:\/\/miami-yachts.com\/wp-content\/uploads\/2024\/11\/Sirena-88-Miami-5-1536x1024.jpg 1536w, https:\/\/miami-yachts.com\/wp-content\/uploads\/2024\/11\/Sirena-88-Miami-5-1568x1045.jpg 1568w, https:\/\/miami-yachts.com\/wp-content\/uploads\/2024\/11\/Sirena-88-Miami-5.jpg 1919w\" data-sizes=\"(max-width: 750px) 100vw, 750px\" style=\"--smush-placeholder-width: 750px; --smush-placeholder-aspect-ratio: 750\/500;width:100%;height:66.65%;max-width:1919px;\" src=\"data:image\/gif;base64,R0lGODlhAQABAAAAACH5BAEKAAEALAAAAAABAAEAAAICTAEAOw==\" \/><\/div><\/a>\n\t\t\t\t<div class=\"elementor-post__text\">\n\t\t\t\t<h3 class=\"elementor-post__title\">\n\t\t\t<a href=\"https:\/\/miami-yachts.com\/fr\/news\/location-de-yachts-pour-evenements-les-meilleurs-yachts-a-louer-pour-des-evenements-speciaux-et-des-fetes-a-miami\/\" >\n\t\t\t\tLocation de yachts pour \u00e9v\u00e9nements : les meilleurs yachts \u00e0 louer pour des \u00e9v\u00e9nements sp\u00e9ciaux et des f\u00eates \u00e0 Miami\t\t\t<\/a>\n\t\t<\/h3>\n\t\t\t\t<\/div>\n\t\t\t\t\t<\/div>\n\t\t<\/article>\n\t\t\t\t<article class=\"elementor-post elementor-grid-item post-23233 post type-post status-publish format-standard hentry category-uncategorized entry\">\n\t\t\t<div class=\"elementor-post__card\">\n\t\t\t\t<div class=\"elementor-post__text\">\n\t\t\t\t<h3 class=\"elementor-post__title\">\n\t\t\t<a href=\"https:\/\/miami-yachts.com\/fr\/news\/test\/\" >\n\t\t\t\tTest\t\t\t<\/a>\n\t\t<\/h3>\n\t\t\t\t<\/div>\n\t\t\t\t\t<\/div>\n\t\t<\/article>\n\t\t\t\t<article class=\"elementor-post elementor-grid-item post-23222 post type-post status-publish format-standard has-post-thumbnail hentry category-uncategorized entry\">\n\t\t\t<div class=\"elementor-post__card\">\n\t\t\t\t<a class=\"elementor-post__thumbnail__link\" href=\"https:\/\/miami-yachts.com\/fr\/news\/5-meilleurs-endroits-pour-sancrer-a-miami\/\" tabindex=\"-1\" ><div class=\"elementor-post__thumbnail\"><img decoding=\"async\" width=\"750\" height=\"500\" data-src=\"https:\/\/miami-yachts.com\/wp-content\/uploads\/2024\/10\/Biscayne-Bay-1024x683.jpg\" class=\"attachment-large size-large wp-image-15312 lazyload\" alt=\"\" data-srcset=\"https:\/\/miami-yachts.com\/wp-content\/uploads\/2024\/10\/Biscayne-Bay-1024x683.jpg 1024w, https:\/\/miami-yachts.com\/wp-content\/uploads\/2024\/10\/Biscayne-Bay-300x200.jpg 300w, https:\/\/miami-yachts.com\/wp-content\/uploads\/2024\/10\/Biscayne-Bay-768x512.jpg 768w, https:\/\/miami-yachts.com\/wp-content\/uploads\/2024\/10\/Biscayne-Bay-1536x1025.jpg 1536w, https:\/\/miami-yachts.com\/wp-content\/uploads\/2024\/10\/Biscayne-Bay-2048x1366.jpg 2048w, https:\/\/miami-yachts.com\/wp-content\/uploads\/2024\/10\/Biscayne-Bay-1568x1046.jpg 1568w\" data-sizes=\"(max-width: 750px) 100vw, 750px\" style=\"--smush-placeholder-width: 750px; --smush-placeholder-aspect-ratio: 750\/500;width:100%;height:66.72%;max-width:2560px;\" src=\"data:image\/gif;base64,R0lGODlhAQABAAAAACH5BAEKAAEALAAAAAABAAEAAAICTAEAOw==\" \/><\/div><\/a>\n\t\t\t\t<div class=\"elementor-post__text\">\n\t\t\t\t<h3 class=\"elementor-post__title\">\n\t\t\t<a href=\"https:\/\/miami-yachts.com\/fr\/news\/5-meilleurs-endroits-pour-sancrer-a-miami\/\" >\n\t\t\t\t5 meilleurs endroits pour s&rsquo;ancrer \u00e0 Miami\t\t\t<\/a>\n\t\t<\/h3>\n\t\t\t\t<\/div>\n\t\t\t\t\t<\/div>\n\t\t<\/article>\n\t\t\t\t<\/div>\n\t\t\n\t\t\t\t<div class=\"e-load-more-anchor\" data-page=\"1\" data-max-page=\"3\" data-next-page=\"https:\/\/miami-yachts.com\/fr\/wp-json\/wp\/v2\/pages\/11045\/page\/2\/\"><\/div>\n\t\t\t\t<nav class=\"elementor-pagination\" aria-label=\"Pagination\">\n\t\t\t<span aria-current=\"page\" class=\"page-numbers current\"><span class=\"elementor-screen-only\">Page<\/span>1<\/span>\n<a class=\"page-numbers\" href=\"https:\/\/miami-yachts.com\/fr\/wp-json\/wp\/v2\/pages\/11045\/page\/2\/\"><span class=\"elementor-screen-only\">Page<\/span>2<\/a>\n<a class=\"page-numbers\" href=\"https:\/\/miami-yachts.com\/fr\/wp-json\/wp\/v2\/pages\/11045\/page\/3\/\"><span class=\"elementor-screen-only\">Page<\/span>3<\/a>\t\t<\/nav>\n\t\t\t\t\t\t<\/div>\n\t\t\t\t<\/div>\n\t\t\t\t\t<\/div>\n\t\t<\/div>\n\t\t\t\t\t<\/div>\n\t\t<\/section>\n\t\t\t\t<\/div>\n\t\t","protected":false},"excerpt":{"rendered":"<p>NOUVELLES NOS NOUVELLES Les derni\u00e8res nouvelles concernant le yacht de luxe \u00e0 louer \u00e0 Miami :<\/p>\n","protected":false},"author":3,"featured_media":9181,"parent":0,"menu_order":0,"comment_status":"closed","ping_status":"closed","template":"elementor_header_footer","meta":{"_acf_changed":false,"footnotes":""},"class_list":["post-11045","page","type-page","status-publish","has-post-thumbnail","hentry","entry"],"acf":[],"yoast_head":"<!-- This site is optimized with the Yoast SEO plugin v24.7 - https:\/\/yoast.com\/wordpress\/plugins\/seo\/ -->\n<title>Actualit\u00e9s - Miami Yachts<\/title>\n<meta name=\"robots\" content=\"index, follow, max-snippet:-1, max-image-preview:large, max-video-preview:-1\" \/>\n<link rel=\"canonical\" href=\"https:\/\/miami-yachts.com\/fr\/actualites\/\" \/>\n<meta property=\"og:locale\" content=\"fr_FR\" \/>\n<meta property=\"og:type\" content=\"article\" \/>\n<meta property=\"og:title\" content=\"Actualit\u00e9s - Miami Yachts\" \/>\n<meta property=\"og:description\" content=\"NOUVELLES NOS NOUVELLES Les derni\u00e8res nouvelles concernant le yacht de luxe \u00e0 louer \u00e0 Miami :\" \/>\n<meta property=\"og:url\" content=\"https:\/\/miami-yachts.com\/fr\/actualites\/\" \/>\n<meta property=\"og:site_name\" content=\"Miami Yachts\" \/>\n<meta property=\"article:modified_time\" content=\"2025-10-01T09:47:12+00:00\" \/>\n<meta property=\"og:image\" content=\"https:\/\/miami-yachts.com\/wp-content\/uploads\/2022\/08\/St-Tropez-Boats-20.jpg\" \/>\n\t<meta property=\"og:image:width\" content=\"1300\" \/>\n\t<meta property=\"og:image:height\" content=\"867\" \/>\n\t<meta property=\"og:image:type\" content=\"image\/jpeg\" \/>\n<meta name=\"twitter:card\" content=\"summary_large_image\" \/>\n<script type=\"application\/ld+json\" class=\"yoast-schema-graph\">{\"@context\":\"https:\/\/schema.org\",\"@graph\":[{\"@type\":\"WebPage\",\"@id\":\"https:\/\/miami-yachts.com\/fr\/actualites\/\",\"url\":\"https:\/\/miami-yachts.com\/fr\/actualites\/\",\"name\":\"Actualit\u00e9s - Miami Yachts\",\"isPartOf\":{\"@id\":\"https:\/\/miami-yachts.com\/fr\/#website\"},\"primaryImageOfPage\":{\"@id\":\"https:\/\/miami-yachts.com\/fr\/actualites\/#primaryimage\"},\"image\":{\"@id\":\"https:\/\/miami-yachts.com\/fr\/actualites\/#primaryimage\"},\"thumbnailUrl\":\"https:\/\/miami-yachts.com\/wp-content\/uploads\/2022\/08\/St-Tropez-Boats-20.jpg\",\"datePublished\":\"2022-01-27T20:55:58+00:00\",\"dateModified\":\"2025-10-01T09:47:12+00:00\",\"breadcrumb\":{\"@id\":\"https:\/\/miami-yachts.com\/fr\/actualites\/#breadcrumb\"},\"inLanguage\":\"fr-FR\",\"potentialAction\":[{\"@type\":\"ReadAction\",\"target\":[\"https:\/\/miami-yachts.com\/fr\/actualites\/\"]}]},{\"@type\":\"ImageObject\",\"inLanguage\":\"fr-FR\",\"@id\":\"https:\/\/miami-yachts.com\/fr\/actualites\/#primaryimage\",\"url\":\"https:\/\/miami-yachts.com\/wp-content\/uploads\/2022\/08\/St-Tropez-Boats-20.jpg\",\"contentUrl\":\"https:\/\/miami-yachts.com\/wp-content\/uploads\/2022\/08\/St-Tropez-Boats-20.jpg\",\"width\":1300,\"height\":867},{\"@type\":\"BreadcrumbList\",\"@id\":\"https:\/\/miami-yachts.com\/fr\/actualites\/#breadcrumb\",\"itemListElement\":[{\"@type\":\"ListItem\",\"position\":1,\"name\":\"Home\",\"item\":\"https:\/\/miami-yachts.com\/fr\/page-daccueil\/\"},{\"@type\":\"ListItem\",\"position\":2,\"name\":\"Actualit\u00e9s\"}]},{\"@type\":\"WebSite\",\"@id\":\"https:\/\/miami-yachts.com\/fr\/#website\",\"url\":\"https:\/\/miami-yachts.com\/fr\/\",\"name\":\"Miami Yachts\",\"description\":\"Miami Yachts for Charter\",\"publisher\":{\"@id\":\"https:\/\/miami-yachts.com\/fr\/#organization\"},\"potentialAction\":[{\"@type\":\"SearchAction\",\"target\":{\"@type\":\"EntryPoint\",\"urlTemplate\":\"https:\/\/miami-yachts.com\/fr\/?s={search_term_string}\"},\"query-input\":{\"@type\":\"PropertyValueSpecification\",\"valueRequired\":true,\"valueName\":\"search_term_string\"}}],\"inLanguage\":\"fr-FR\"},{\"@type\":\"Organization\",\"@id\":\"https:\/\/miami-yachts.com\/fr\/#organization\",\"name\":\"Miami Yachts\",\"url\":\"https:\/\/miami-yachts.com\/fr\/\",\"logo\":{\"@type\":\"ImageObject\",\"inLanguage\":\"fr-FR\",\"@id\":\"https:\/\/miami-yachts.com\/fr\/#\/schema\/logo\/image\/\",\"url\":\"https:\/\/miami-yachts.com\/wp-content\/uploads\/2022\/01\/Cannes-Villa-Logo.jpg\",\"contentUrl\":\"https:\/\/miami-yachts.com\/wp-content\/uploads\/2022\/01\/Cannes-Villa-Logo.jpg\",\"width\":1704,\"height\":1704,\"caption\":\"Miami Yachts\"},\"image\":{\"@id\":\"https:\/\/miami-yachts.com\/fr\/#\/schema\/logo\/image\/\"}}]}<\/script>\n<!-- \/ Yoast SEO plugin. -->","yoast_head_json":{"title":"Actualit\u00e9s - Miami Yachts","robots":{"index":"index","follow":"follow","max-snippet":"max-snippet:-1","max-image-preview":"max-image-preview:large","max-video-preview":"max-video-preview:-1"},"canonical":"https:\/\/miami-yachts.com\/fr\/actualites\/","og_locale":"fr_FR","og_type":"article","og_title":"Actualit\u00e9s - Miami Yachts","og_description":"NOUVELLES NOS NOUVELLES Les derni\u00e8res nouvelles concernant le yacht de luxe \u00e0 louer \u00e0 Miami :","og_url":"https:\/\/miami-yachts.com\/fr\/actualites\/","og_site_name":"Miami Yachts","article_modified_time":"2025-10-01T09:47:12+00:00","og_image":[{"width":1300,"height":867,"url":"https:\/\/miami-yachts.com\/wp-content\/uploads\/2022\/08\/St-Tropez-Boats-20.jpg","type":"image\/jpeg"}],"twitter_card":"summary_large_image","schema":{"@context":"https:\/\/schema.org","@graph":[{"@type":"WebPage","@id":"https:\/\/miami-yachts.com\/fr\/actualites\/","url":"https:\/\/miami-yachts.com\/fr\/actualites\/","name":"Actualit\u00e9s - Miami Yachts","isPartOf":{"@id":"https:\/\/miami-yachts.com\/fr\/#website"},"primaryImageOfPage":{"@id":"https:\/\/miami-yachts.com\/fr\/actualites\/#primaryimage"},"image":{"@id":"https:\/\/miami-yachts.com\/fr\/actualites\/#primaryimage"},"thumbnailUrl":"https:\/\/miami-yachts.com\/wp-content\/uploads\/2022\/08\/St-Tropez-Boats-20.jpg","datePublished":"2022-01-27T20:55:58+00:00","dateModified":"2025-10-01T09:47:12+00:00","breadcrumb":{"@id":"https:\/\/miami-yachts.com\/fr\/actualites\/#breadcrumb"},"inLanguage":"fr-FR","potentialAction":[{"@type":"ReadAction","target":["https:\/\/miami-yachts.com\/fr\/actualites\/"]}]},{"@type":"ImageObject","inLanguage":"fr-FR","@id":"https:\/\/miami-yachts.com\/fr\/actualites\/#primaryimage","url":"https:\/\/miami-yachts.com\/wp-content\/uploads\/2022\/08\/St-Tropez-Boats-20.jpg","contentUrl":"https:\/\/miami-yachts.com\/wp-content\/uploads\/2022\/08\/St-Tropez-Boats-20.jpg","width":1300,"height":867},{"@type":"BreadcrumbList","@id":"https:\/\/miami-yachts.com\/fr\/actualites\/#breadcrumb","itemListElement":[{"@type":"ListItem","position":1,"name":"Home","item":"https:\/\/miami-yachts.com\/fr\/page-daccueil\/"},{"@type":"ListItem","position":2,"name":"Actualit\u00e9s"}]},{"@type":"WebSite","@id":"https:\/\/miami-yachts.com\/fr\/#website","url":"https:\/\/miami-yachts.com\/fr\/","name":"Miami Yachts","description":"Miami Yachts for Charter","publisher":{"@id":"https:\/\/miami-yachts.com\/fr\/#organization"},"potentialAction":[{"@type":"SearchAction","target":{"@type":"EntryPoint","urlTemplate":"https:\/\/miami-yachts.com\/fr\/?s={search_term_string}"},"query-input":{"@type":"PropertyValueSpecification","valueRequired":true,"valueName":"search_term_string"}}],"inLanguage":"fr-FR"},{"@type":"Organization","@id":"https:\/\/miami-yachts.com\/fr\/#organization","name":"Miami Yachts","url":"https:\/\/miami-yachts.com\/fr\/","logo":{"@type":"ImageObject","inLanguage":"fr-FR","@id":"https:\/\/miami-yachts.com\/fr\/#\/schema\/logo\/image\/","url":"https:\/\/miami-yachts.com\/wp-content\/uploads\/2022\/01\/Cannes-Villa-Logo.jpg","contentUrl":"https:\/\/miami-yachts.com\/wp-content\/uploads\/2022\/01\/Cannes-Villa-Logo.jpg","width":1704,"height":1704,"caption":"Miami Yachts"},"image":{"@id":"https:\/\/miami-yachts.com\/fr\/#\/schema\/logo\/image\/"}}]}},"distributor_meta":false,"distributor_terms":false,"distributor_media":false,"distributor_original_site_name":"Miami Yachts","distributor_original_site_url":"https:\/\/miami-yachts.com\/fr\/","push-errors":false,"_links":{"self":[{"href":"https:\/\/miami-yachts.com\/fr\/wp-json\/wp\/v2\/pages\/11045"}],"collection":[{"href":"https:\/\/miami-yachts.com\/fr\/wp-json\/wp\/v2\/pages"}],"about":[{"href":"https:\/\/miami-yachts.com\/fr\/wp-json\/wp\/v2\/types\/page"}],"author":[{"embeddable":true,"href":"https:\/\/miami-yachts.com\/fr\/wp-json\/wp\/v2\/users\/3"}],"replies":[{"embeddable":true,"href":"https:\/\/miami-yachts.com\/fr\/wp-json\/wp\/v2\/comments?post=11045"}],"version-history":[{"count":1,"href":"https:\/\/miami-yachts.com\/fr\/wp-json\/wp\/v2\/pages\/11045\/revisions"}],"predecessor-version":[{"id":26953,"href":"https:\/\/miami-yachts.com\/fr\/wp-json\/wp\/v2\/pages\/11045\/revisions\/26953"}],"wp:featuredmedia":[{"embeddable":true,"href":"https:\/\/miami-yachts.com\/fr\/wp-json\/wp\/v2\/media\/9181"}],"wp:attachment":[{"href":"https:\/\/miami-yachts.com\/fr\/wp-json\/wp\/v2\/media?parent=11045"}],"curies":[{"name":"wp","href":"https:\/\/api.w.org\/{rel}","templated":true}]}}