{"id":11077,"date":"2022-01-16T18:12:12","date_gmt":"2022-01-16T18:12:12","guid":{"rendered":"https:\/\/miami-yachts.com\/concierge\/jets-prives\/"},"modified":"2024-11-25T13:55:53","modified_gmt":"2024-11-25T13:55:53","slug":"jets-prives","status":"publish","type":"page","link":"https:\/\/miami-yachts.com\/fr\/concierge\/jets-prives\/","title":{"rendered":"Jets priv\u00e9s"},"content":{"rendered":"\t\t<div data-elementor-type=\"wp-page\" data-elementor-id=\"11077\" class=\"elementor elementor-11077\" data-elementor-post-type=\"page\">\n\t\t\t\t\t\t<section class=\"elementor-section elementor-top-section elementor-element elementor-element-4d1a7b2 elementor-section-height-min-height elementor-section-boxed elementor-section-height-default elementor-section-items-middle\" data-id=\"4d1a7b2\" data-element_type=\"section\" data-e-type=\"section\" data-settings=\"{&quot;background_background&quot;:&quot;classic&quot;}\">\n\t\t\t\t\t\t<div class=\"elementor-container elementor-column-gap-default\">\n\t\t\t\t\t<div class=\"elementor-column elementor-col-100 elementor-top-column elementor-element elementor-element-c1533da\" data-id=\"c1533da\" data-element_type=\"column\" data-e-type=\"column\">\n\t\t\t<div class=\"elementor-widget-wrap elementor-element-populated\">\n\t\t\t\t\t\t<div class=\"elementor-element elementor-element-1f60992 elementor-widget elementor-widget-heading\" data-id=\"1f60992\" data-element_type=\"widget\" data-e-type=\"widget\" data-widget_type=\"heading.default\">\n\t\t\t\t<div class=\"elementor-widget-container\">\n\t\t\t\t\t<h1 class=\"elementor-heading-title elementor-size-default\">JETS PRIV\u00c9S<\/h1>\t\t\t\t<\/div>\n\t\t\t\t<\/div>\n\t\t\t\t\t<\/div>\n\t\t<\/div>\n\t\t\t\t\t<\/div>\n\t\t<\/section>\n\t\t\t\t<section class=\"elementor-section elementor-top-section elementor-element elementor-element-1ed6991 elementor-reverse-mobile elementor-section-boxed elementor-section-height-default elementor-section-height-default\" data-id=\"1ed6991\" data-element_type=\"section\" data-e-type=\"section\">\n\t\t\t\t\t\t<div class=\"elementor-container elementor-column-gap-default\">\n\t\t\t\t\t<div class=\"elementor-column elementor-col-50 elementor-top-column elementor-element elementor-element-37a1a14\" data-id=\"37a1a14\" data-element_type=\"column\" data-e-type=\"column\">\n\t\t\t<div class=\"elementor-widget-wrap elementor-element-populated\">\n\t\t\t\t\t\t<div class=\"elementor-element elementor-element-fb6d19a elementor-widget elementor-widget-image\" data-id=\"fb6d19a\" data-element_type=\"widget\" data-e-type=\"widget\" data-widget_type=\"image.default\">\n\t\t\t\t<div class=\"elementor-widget-container\">\n\t\t\t\t\t\t\t\t\t\t\t\t\t\t\t<img fetchpriority=\"high\" decoding=\"async\" width=\"750\" height=\"500\" src=\"https:\/\/miami-yachts.com\/wp-content\/uploads\/2024\/10\/Private-Jet--1024x683.png\" class=\"attachment-large size-large wp-image-15396\" alt=\"\" srcset=\"https:\/\/miami-yachts.com\/wp-content\/uploads\/2024\/10\/Private-Jet--1024x683.png 1024w, https:\/\/miami-yachts.com\/wp-content\/uploads\/2024\/10\/Private-Jet--300x200.png 300w, https:\/\/miami-yachts.com\/wp-content\/uploads\/2024\/10\/Private-Jet--768x512.png 768w, https:\/\/miami-yachts.com\/wp-content\/uploads\/2024\/10\/Private-Jet--1536x1024.png 1536w, https:\/\/miami-yachts.com\/wp-content\/uploads\/2024\/10\/Private-Jet--1568x1045.png 1568w, https:\/\/miami-yachts.com\/wp-content\/uploads\/2024\/10\/Private-Jet-.png 1920w\" sizes=\"(max-width: 750px) 100vw, 750px\" style=\"width:100%;height:66.67%;max-width:1920px\" \/>\t\t\t\t\t\t\t\t\t\t\t\t\t\t\t<\/div>\n\t\t\t\t<\/div>\n\t\t\t\t\t<\/div>\n\t\t<\/div>\n\t\t\t\t<div class=\"elementor-column elementor-col-50 elementor-top-column elementor-element elementor-element-ad1228c\" data-id=\"ad1228c\" data-element_type=\"column\" data-e-type=\"column\">\n\t\t\t<div class=\"elementor-widget-wrap elementor-element-populated\">\n\t\t\t\t\t\t<div class=\"elementor-element elementor-element-13ac408 elementor-widget elementor-widget-heading\" data-id=\"13ac408\" data-element_type=\"widget\" data-e-type=\"widget\" data-widget_type=\"heading.default\">\n\t\t\t\t<div class=\"elementor-widget-container\">\n\t\t\t\t\t<h2 class=\"elementor-heading-title elementor-size-default\">VOL PRIV\u00c9 VERS MIAMI<\/h2>\t\t\t\t<\/div>\n\t\t\t\t<\/div>\n\t\t\t\t<div class=\"elementor-element elementor-element-0750d77 elementor-widget elementor-widget-text-editor\" data-id=\"0750d77\" data-element_type=\"widget\" data-e-type=\"widget\" data-widget_type=\"text-editor.default\">\n\t\t\t\t<div class=\"elementor-widget-container\">\n\t\t\t\t\t\t\t\t\t<p>Contactez-nous pour r\u00e9server un vol en jet priv\u00e9 au d\u00e9part et \u00e0 destination de Miami autour de l&rsquo;une de vos croisi\u00e8res.<\/p>\n\t\t\t\t\t\t\t\t<\/div>\n\t\t\t\t<\/div>\n\t\t\t\t<div class=\"elementor-element elementor-element-10699c0 elementor-button-align-stretch elementor-widget elementor-widget-form\" data-id=\"10699c0\" data-element_type=\"widget\" data-e-type=\"widget\" data-settings=\"{&quot;step_next_label&quot;:&quot;Suivant&quot;,&quot;step_previous_label&quot;:&quot;Pr\\u00e9c\\u00e9dent&quot;,&quot;button_width&quot;:&quot;100&quot;,&quot;step_type&quot;:&quot;number_text&quot;,&quot;step_icon_shape&quot;:&quot;circle&quot;}\" data-widget_type=\"form.default\">\n\t\t\t\t<div class=\"elementor-widget-container\">\n\t\t\t\t\t\t\t<form class=\"elementor-form\" method=\"post\" name=\"Nouveau formulaire\">\n\t\t\t<input type=\"hidden\" name=\"post_id\" value=\"11077\"\/>\n\t\t\t<input type=\"hidden\" name=\"form_id\" value=\"10699c0\"\/>\n\t\t\t<input type=\"hidden\" name=\"referer_title\" value=\"Miami Yachts\" \/>\n\n\t\t\t\n\t\t\t<div class=\"elementor-form-fields-wrapper elementor-labels-above\">\n\t\t\t\t\t\t\t\t<div class=\"elementor-field-type-text elementor-field-group elementor-column elementor-field-group-name elementor-col-50\">\n\t\t\t\t\t\t\t\t\t\t\t\t<label for=\"form-field-name\" class=\"elementor-field-label\">\n\t\t\t\t\t\t\t\tPr\u00e9nom\t\t\t\t\t\t\t<\/label>\n\t\t\t\t\t\t\t\t\t\t\t\t\t\t<input size=\"1\" type=\"text\" name=\"form_fields[name]\" id=\"form-field-name\" class=\"elementor-field elementor-size-sm  elementor-field-textual\">\n\t\t\t\t\t\t\t\t\t\t\t<\/div>\n\t\t\t\t\t\t\t\t<div class=\"elementor-field-type-text elementor-field-group elementor-column elementor-field-group-field_2b582b1 elementor-col-50\">\n\t\t\t\t\t\t\t\t\t\t\t\t<label for=\"form-field-field_2b582b1\" class=\"elementor-field-label\">\n\t\t\t\t\t\t\t\tNom de famille\t\t\t\t\t\t\t<\/label>\n\t\t\t\t\t\t\t\t\t\t\t\t\t\t<input size=\"1\" type=\"text\" name=\"form_fields[field_2b582b1]\" id=\"form-field-field_2b582b1\" class=\"elementor-field elementor-size-sm  elementor-field-textual\">\n\t\t\t\t\t\t\t\t\t\t\t<\/div>\n\t\t\t\t\t\t\t\t<div class=\"elementor-field-type-email elementor-field-group elementor-column elementor-field-group-email elementor-col-100 elementor-field-required\">\n\t\t\t\t\t\t\t\t\t\t\t\t<label for=\"form-field-email\" class=\"elementor-field-label\">\n\t\t\t\t\t\t\t\tAgent\t\t\t\t\t\t\t<\/label>\n\t\t\t\t\t\t\t\t\t\t\t\t\t\t<input size=\"1\" type=\"email\" name=\"form_fields[email]\" id=\"form-field-email\" class=\"elementor-field elementor-size-sm  elementor-field-textual\" required=\"required\">\n\t\t\t\t\t\t\t\t\t\t\t<\/div>\n\t\t\t\t\t\t\t\t<div class=\"elementor-field-type-text elementor-field-group elementor-column elementor-field-group-field_6f4782d elementor-col-100\">\n\t\t\t\t\t\t\t\t\t\t\t\t<label for=\"form-field-field_6f4782d\" class=\"elementor-field-label\">\n\t\t\t\t\t\t\t\tOrigine\t\t\t\t\t\t\t<\/label>\n\t\t\t\t\t\t\t\t\t\t\t\t\t\t<input size=\"1\" type=\"text\" name=\"form_fields[field_6f4782d]\" id=\"form-field-field_6f4782d\" class=\"elementor-field elementor-size-sm  elementor-field-textual\">\n\t\t\t\t\t\t\t\t\t\t\t<\/div>\n\t\t\t\t\t\t\t\t<div class=\"elementor-field-type-date elementor-field-group elementor-column elementor-field-group-field_cc88c53 elementor-col-50\">\n\t\t\t\t\t\t\t\t\t\t\t\t<label for=\"form-field-field_cc88c53\" class=\"elementor-field-label\">\n\t\t\t\t\t\t\t\tDate de d\u00e9but\t\t\t\t\t\t\t<\/label>\n\t\t\t\t\t\t\n\t\t<input type=\"date\" name=\"form_fields[field_cc88c53]\" id=\"form-field-field_cc88c53\" class=\"elementor-field elementor-size-sm  elementor-field-textual elementor-date-field\" pattern=\"[0-9]{4}-[0-9]{2}-[0-9]{2}\">\n\t\t\t\t\t\t<\/div>\n\t\t\t\t\t\t\t\t<div class=\"elementor-field-type-date elementor-field-group elementor-column elementor-field-group-field_ddb36a8 elementor-col-50\">\n\t\t\t\t\t\t\t\t\t\t\t\t<label for=\"form-field-field_ddb36a8\" class=\"elementor-field-label\">\n\t\t\t\t\t\t\t\tDate de fin\t\t\t\t\t\t\t<\/label>\n\t\t\t\t\t\t\n\t\t<input type=\"date\" name=\"form_fields[field_ddb36a8]\" id=\"form-field-field_ddb36a8\" class=\"elementor-field elementor-size-sm  elementor-field-textual elementor-date-field\" pattern=\"[0-9]{4}-[0-9]{2}-[0-9]{2}\">\n\t\t\t\t\t\t<\/div>\n\t\t\t\t\t\t\t\t<div class=\"elementor-field-type-recaptcha_v3 elementor-field-group elementor-column elementor-field-group-field_f20e432 elementor-col-100 recaptcha_v3-bottomright\">\n\t\t\t\t\t<div class=\"elementor-field\" id=\"form-field-field_f20e432\"><div class=\"elementor-g-recaptcha\" data-sitekey=\"6Ldq4osqAAAAAJWSzvCk51FGPpCoXE3U_eCw7_9F\" data-type=\"v3\" data-action=\"Form\" data-badge=\"bottomright\" data-size=\"invisible\"><\/div><\/div>\t\t\t\t<\/div>\n\t\t\t\t\t\t\t\t<div class=\"elementor-field-group elementor-column elementor-field-type-submit elementor-col-100 e-form__buttons\">\n\t\t\t\t\t<button class=\"elementor-button elementor-size-sm\" type=\"submit\">\n\t\t\t\t\t\t<span class=\"elementor-button-content-wrapper\">\n\t\t\t\t\t\t\t\t\t\t\t\t\t\t\t\t\t\t\t\t\t\t<span class=\"elementor-button-text\">Contact<\/span>\n\t\t\t\t\t\t\t\t\t\t\t\t\t<\/span>\n\t\t\t\t\t<\/button>\n\t\t\t\t<\/div>\n\t\t\t<\/div>\n\t\t<\/form>\n\t\t\t\t\t\t<\/div>\n\t\t\t\t<\/div>\n\t\t\t\t\t<\/div>\n\t\t<\/div>\n\t\t\t\t\t<\/div>\n\t\t<\/section>\n\t\t\t\t<\/div>\n\t\t","protected":false},"excerpt":{"rendered":"<p>JETS PRIV\u00c9S VOL PRIV\u00c9 VERS MIAMI Contactez-nous pour r\u00e9server un vol en jet priv\u00e9 au d\u00e9part et \u00e0 destination de Miami autour de l&rsquo;une de vos croisi\u00e8res.<\/p>\n","protected":false},"author":3,"featured_media":9217,"parent":11037,"menu_order":0,"comment_status":"closed","ping_status":"closed","template":"elementor_header_footer","meta":{"_acf_changed":false,"footnotes":""},"class_list":["post-11077","page","type-page","status-publish","has-post-thumbnail","hentry","entry"],"acf":[],"yoast_head":"<!-- This site is optimized with the Yoast SEO plugin v24.7 - https:\/\/yoast.com\/wordpress\/plugins\/seo\/ -->\n<title>Vols en jets priv\u00e9s \u00e0 destination de Miami - Miami Yachts<\/title>\n<meta name=\"description\" content=\"Contactez l&#039;un de nos agents pour r\u00e9server votre vol en jet priv\u00e9 pour vos vacances \u00e0 Miami avec vos amis et votre famille.\" \/>\n<meta name=\"robots\" content=\"index, follow, max-snippet:-1, max-image-preview:large, max-video-preview:-1\" \/>\n<link rel=\"canonical\" href=\"https:\/\/miami-yachts.com\/fr\/concierge\/jets-prives\/\" \/>\n<meta property=\"og:locale\" content=\"fr_FR\" \/>\n<meta property=\"og:type\" content=\"article\" \/>\n<meta property=\"og:title\" content=\"Vols en jets priv\u00e9s \u00e0 destination de Miami - Miami Yachts\" \/>\n<meta property=\"og:description\" content=\"Contactez l&#039;un de nos agents pour r\u00e9server votre vol en jet priv\u00e9 pour vos vacances \u00e0 Miami avec vos amis et votre famille.\" \/>\n<meta property=\"og:url\" content=\"https:\/\/miami-yachts.com\/fr\/concierge\/jets-prives\/\" \/>\n<meta property=\"og:site_name\" content=\"Miami Yachts\" \/>\n<meta property=\"article:modified_time\" content=\"2024-11-25T13:55:53+00:00\" \/>\n<meta property=\"og:image\" content=\"https:\/\/miami-yachts.com\/wp-content\/uploads\/2022\/08\/Private-Jet-2-scaled.jpg\" \/>\n\t<meta property=\"og:image:width\" content=\"2560\" \/>\n\t<meta property=\"og:image:height\" content=\"1707\" \/>\n\t<meta property=\"og:image:type\" content=\"image\/jpeg\" \/>\n<meta name=\"twitter:card\" content=\"summary_large_image\" \/>\n<script type=\"application\/ld+json\" class=\"yoast-schema-graph\">{\"@context\":\"https:\/\/schema.org\",\"@graph\":[{\"@type\":\"WebPage\",\"@id\":\"https:\/\/miami-yachts.com\/fr\/concierge\/jets-prives\/\",\"url\":\"https:\/\/miami-yachts.com\/fr\/concierge\/jets-prives\/\",\"name\":\"Vols en jets priv\u00e9s \u00e0 destination de Miami - Miami Yachts\",\"isPartOf\":{\"@id\":\"https:\/\/miami-yachts.com\/fr\/#website\"},\"primaryImageOfPage\":{\"@id\":\"https:\/\/miami-yachts.com\/fr\/concierge\/jets-prives\/#primaryimage\"},\"image\":{\"@id\":\"https:\/\/miami-yachts.com\/fr\/concierge\/jets-prives\/#primaryimage\"},\"thumbnailUrl\":\"https:\/\/miami-yachts.com\/wp-content\/uploads\/2022\/08\/Private-Jet-2-scaled.jpg\",\"datePublished\":\"2022-01-16T18:12:12+00:00\",\"dateModified\":\"2024-11-25T13:55:53+00:00\",\"description\":\"Contactez l'un de nos agents pour r\u00e9server votre vol en jet priv\u00e9 pour vos vacances \u00e0 Miami avec vos amis et votre famille.\",\"breadcrumb\":{\"@id\":\"https:\/\/miami-yachts.com\/fr\/concierge\/jets-prives\/#breadcrumb\"},\"inLanguage\":\"fr-FR\",\"potentialAction\":[{\"@type\":\"ReadAction\",\"target\":[\"https:\/\/miami-yachts.com\/fr\/concierge\/jets-prives\/\"]}]},{\"@type\":\"ImageObject\",\"inLanguage\":\"fr-FR\",\"@id\":\"https:\/\/miami-yachts.com\/fr\/concierge\/jets-prives\/#primaryimage\",\"url\":\"https:\/\/miami-yachts.com\/wp-content\/uploads\/2022\/08\/Private-Jet-2-scaled.jpg\",\"contentUrl\":\"https:\/\/miami-yachts.com\/wp-content\/uploads\/2022\/08\/Private-Jet-2-scaled.jpg\",\"width\":2560,\"height\":1707},{\"@type\":\"BreadcrumbList\",\"@id\":\"https:\/\/miami-yachts.com\/fr\/concierge\/jets-prives\/#breadcrumb\",\"itemListElement\":[{\"@type\":\"ListItem\",\"position\":1,\"name\":\"Home\",\"item\":\"https:\/\/miami-yachts.com\/fr\/page-daccueil\/\"},{\"@type\":\"ListItem\",\"position\":2,\"name\":\"Concierge\",\"item\":\"https:\/\/miami-yachts.com\/fr\/concierge\/\"},{\"@type\":\"ListItem\",\"position\":3,\"name\":\"Jets priv\u00e9s\"}]},{\"@type\":\"WebSite\",\"@id\":\"https:\/\/miami-yachts.com\/fr\/#website\",\"url\":\"https:\/\/miami-yachts.com\/fr\/\",\"name\":\"Miami Yachts\",\"description\":\"Miami Yachts for Charter\",\"publisher\":{\"@id\":\"https:\/\/miami-yachts.com\/fr\/#organization\"},\"potentialAction\":[{\"@type\":\"SearchAction\",\"target\":{\"@type\":\"EntryPoint\",\"urlTemplate\":\"https:\/\/miami-yachts.com\/fr\/?s={search_term_string}\"},\"query-input\":{\"@type\":\"PropertyValueSpecification\",\"valueRequired\":true,\"valueName\":\"search_term_string\"}}],\"inLanguage\":\"fr-FR\"},{\"@type\":\"Organization\",\"@id\":\"https:\/\/miami-yachts.com\/fr\/#organization\",\"name\":\"Miami Yachts\",\"url\":\"https:\/\/miami-yachts.com\/fr\/\",\"logo\":{\"@type\":\"ImageObject\",\"inLanguage\":\"fr-FR\",\"@id\":\"https:\/\/miami-yachts.com\/fr\/#\/schema\/logo\/image\/\",\"url\":\"https:\/\/miami-yachts.com\/wp-content\/uploads\/2022\/01\/Cannes-Villa-Logo.jpg\",\"contentUrl\":\"https:\/\/miami-yachts.com\/wp-content\/uploads\/2022\/01\/Cannes-Villa-Logo.jpg\",\"width\":1704,\"height\":1704,\"caption\":\"Miami Yachts\"},\"image\":{\"@id\":\"https:\/\/miami-yachts.com\/fr\/#\/schema\/logo\/image\/\"}}]}<\/script>\n<!-- \/ Yoast SEO plugin. -->","yoast_head_json":{"title":"Vols en jets priv\u00e9s \u00e0 destination de Miami - Miami Yachts","description":"Contactez l'un de nos agents pour r\u00e9server votre vol en jet priv\u00e9 pour vos vacances \u00e0 Miami avec vos amis et votre famille.","robots":{"index":"index","follow":"follow","max-snippet":"max-snippet:-1","max-image-preview":"max-image-preview:large","max-video-preview":"max-video-preview:-1"},"canonical":"https:\/\/miami-yachts.com\/fr\/concierge\/jets-prives\/","og_locale":"fr_FR","og_type":"article","og_title":"Vols en jets priv\u00e9s \u00e0 destination de Miami - Miami Yachts","og_description":"Contactez l'un de nos agents pour r\u00e9server votre vol en jet priv\u00e9 pour vos vacances \u00e0 Miami avec vos amis et votre famille.","og_url":"https:\/\/miami-yachts.com\/fr\/concierge\/jets-prives\/","og_site_name":"Miami Yachts","article_modified_time":"2024-11-25T13:55:53+00:00","og_image":[{"width":2560,"height":1707,"url":"https:\/\/miami-yachts.com\/wp-content\/uploads\/2022\/08\/Private-Jet-2-scaled.jpg","type":"image\/jpeg"}],"twitter_card":"summary_large_image","schema":{"@context":"https:\/\/schema.org","@graph":[{"@type":"WebPage","@id":"https:\/\/miami-yachts.com\/fr\/concierge\/jets-prives\/","url":"https:\/\/miami-yachts.com\/fr\/concierge\/jets-prives\/","name":"Vols en jets priv\u00e9s \u00e0 destination de Miami - Miami Yachts","isPartOf":{"@id":"https:\/\/miami-yachts.com\/fr\/#website"},"primaryImageOfPage":{"@id":"https:\/\/miami-yachts.com\/fr\/concierge\/jets-prives\/#primaryimage"},"image":{"@id":"https:\/\/miami-yachts.com\/fr\/concierge\/jets-prives\/#primaryimage"},"thumbnailUrl":"https:\/\/miami-yachts.com\/wp-content\/uploads\/2022\/08\/Private-Jet-2-scaled.jpg","datePublished":"2022-01-16T18:12:12+00:00","dateModified":"2024-11-25T13:55:53+00:00","description":"Contactez l'un de nos agents pour r\u00e9server votre vol en jet priv\u00e9 pour vos vacances \u00e0 Miami avec vos amis et votre famille.","breadcrumb":{"@id":"https:\/\/miami-yachts.com\/fr\/concierge\/jets-prives\/#breadcrumb"},"inLanguage":"fr-FR","potentialAction":[{"@type":"ReadAction","target":["https:\/\/miami-yachts.com\/fr\/concierge\/jets-prives\/"]}]},{"@type":"ImageObject","inLanguage":"fr-FR","@id":"https:\/\/miami-yachts.com\/fr\/concierge\/jets-prives\/#primaryimage","url":"https:\/\/miami-yachts.com\/wp-content\/uploads\/2022\/08\/Private-Jet-2-scaled.jpg","contentUrl":"https:\/\/miami-yachts.com\/wp-content\/uploads\/2022\/08\/Private-Jet-2-scaled.jpg","width":2560,"height":1707},{"@type":"BreadcrumbList","@id":"https:\/\/miami-yachts.com\/fr\/concierge\/jets-prives\/#breadcrumb","itemListElement":[{"@type":"ListItem","position":1,"name":"Home","item":"https:\/\/miami-yachts.com\/fr\/page-daccueil\/"},{"@type":"ListItem","position":2,"name":"Concierge","item":"https:\/\/miami-yachts.com\/fr\/concierge\/"},{"@type":"ListItem","position":3,"name":"Jets priv\u00e9s"}]},{"@type":"WebSite","@id":"https:\/\/miami-yachts.com\/fr\/#website","url":"https:\/\/miami-yachts.com\/fr\/","name":"Miami Yachts","description":"Miami Yachts for Charter","publisher":{"@id":"https:\/\/miami-yachts.com\/fr\/#organization"},"potentialAction":[{"@type":"SearchAction","target":{"@type":"EntryPoint","urlTemplate":"https:\/\/miami-yachts.com\/fr\/?s={search_term_string}"},"query-input":{"@type":"PropertyValueSpecification","valueRequired":true,"valueName":"search_term_string"}}],"inLanguage":"fr-FR"},{"@type":"Organization","@id":"https:\/\/miami-yachts.com\/fr\/#organization","name":"Miami Yachts","url":"https:\/\/miami-yachts.com\/fr\/","logo":{"@type":"ImageObject","inLanguage":"fr-FR","@id":"https:\/\/miami-yachts.com\/fr\/#\/schema\/logo\/image\/","url":"https:\/\/miami-yachts.com\/wp-content\/uploads\/2022\/01\/Cannes-Villa-Logo.jpg","contentUrl":"https:\/\/miami-yachts.com\/wp-content\/uploads\/2022\/01\/Cannes-Villa-Logo.jpg","width":1704,"height":1704,"caption":"Miami Yachts"},"image":{"@id":"https:\/\/miami-yachts.com\/fr\/#\/schema\/logo\/image\/"}}]}},"distributor_meta":false,"distributor_terms":false,"distributor_media":false,"distributor_original_site_name":"Miami Yachts","distributor_original_site_url":"https:\/\/miami-yachts.com\/fr\/","push-errors":false,"_links":{"self":[{"href":"https:\/\/miami-yachts.com\/fr\/wp-json\/wp\/v2\/pages\/11077"}],"collection":[{"href":"https:\/\/miami-yachts.com\/fr\/wp-json\/wp\/v2\/pages"}],"about":[{"href":"https:\/\/miami-yachts.com\/fr\/wp-json\/wp\/v2\/types\/page"}],"author":[{"embeddable":true,"href":"https:\/\/miami-yachts.com\/fr\/wp-json\/wp\/v2\/users\/3"}],"replies":[{"embeddable":true,"href":"https:\/\/miami-yachts.com\/fr\/wp-json\/wp\/v2\/comments?post=11077"}],"version-history":[{"count":6,"href":"https:\/\/miami-yachts.com\/fr\/wp-json\/wp\/v2\/pages\/11077\/revisions"}],"predecessor-version":[{"id":19916,"href":"https:\/\/miami-yachts.com\/fr\/wp-json\/wp\/v2\/pages\/11077\/revisions\/19916"}],"up":[{"embeddable":true,"href":"https:\/\/miami-yachts.com\/fr\/wp-json\/wp\/v2\/pages\/11037"}],"wp:featuredmedia":[{"embeddable":true,"href":"https:\/\/miami-yachts.com\/fr\/wp-json\/wp\/v2\/media\/9217"}],"wp:attachment":[{"href":"https:\/\/miami-yachts.com\/fr\/wp-json\/wp\/v2\/media?parent=11077"}],"curies":[{"name":"wp","href":"https:\/\/api.w.org\/{rel}","templated":true}]}}